{"id":700,"date":"2020-11-22T01:01:16","date_gmt":"2020-11-22T01:01:16","guid":{"rendered":"https:\/\/unikatzurich.ch\/?post_type=product&#038;p=700"},"modified":"2022-03-09T00:01:46","modified_gmt":"2022-03-09T00:01:46","slug":"3-kleine-keramik-schalen","status":"publish","type":"product","link":"https:\/\/unikatzurich.ch\/?product=3-kleine-keramik-schalen","title":{"rendered":"3 kleine Keramik Schalen"},"content":{"rendered":"<p>Aus der Kollektion Rost und Milch:<br \/>\nDank der Reaktion die zwischen der Glasur und dem Ton w\u00e4hrend dem Brand passiert, ergibt sich ein rostweisses Muster.\u00a0 Die organische Form ist bei jeder Nutzng einen Blick wert. Ein individueller, handgefertigten Charakter aufgrund der speziellen Fertigungs- und Verglasungstechniken der subtilen Form. Die kleine Schale eignet sich hierbei als perfektes Geschirr zum Servieren von Dressings, Saucen wie Sojasauce oder einer Barbecue-Sauce. Durch die attraktive Farbverl\u00e4ufe passt sich das Sch\u00e4lchen sowohl Ihrer\u00a0 Tafelrunde als auch auf dem allt\u00e4glichen Gebrauch f\u00fcr Duftsteine und \u00e4hnlichem an.<\/p>\n<p>3 handgefertigte Schalen aus Steinzeug mit weisser Glasur.<\/p>\n<p>Gr\u00f6sse: 7.5, 7, und 10 cm im Durchmesser<br \/>\nDie Schalen sind 2- 2.5 cm hoch<\/p>\n<p>Alle Keramikobjekte sind Handgemacht in einem aufwendigen Verfahren. Sie sind hochgebrannt zur Verglasung bei 1250 Grad Celsius, um alle Poren des Materials zu verschliessen. So k\u00f6nnen die Objekte im Ofen im Geschirrsp\u00fcler gereinigt werden.<\/p>\n<p>Bitte beachten Sie: Es kann eine leichte Farbabweichung auf dem Foto geben.<\/p>\n","protected":false},"excerpt":{"rendered":"<div class=\"mzg-catalogue-detail-info__cluster\">\n<div class=\"mzg-catalogue-detail-info__cluster-headline\">\n<p>Material<\/p>\n<\/div>\n<ul class=\"mzg-catalogue-detail-info__cluster-list mzg-catalogue-detail-info__cluster-list_show-content\">\n<li class=\"mzg-catalogue-detail-info__cluster-list__item\">\n<h5>Hergestellt aus Keramik<\/h5>\n<\/li>\n<\/ul>\n<\/div>\n<div class=\"mzg-catalogue-detail-info__cluster-headline\">\n<h5 class=\"mzg-component-title mzg-component-title_h5 mzg-component-title_type-small\">Pflege<\/h5>\n<\/div>\n<ul class=\"mzg-catalogue-detail-info__cluster-list mzg-catalogue-detail-info__cluster-list--hidden mzg-catalogue-detail-info__cluster-list_show-content\">\n<li class=\"mzg-catalogue-detail-info__cluster-list__item\">Das Service kann bei Anwendung des Schongangs (55\u00b0C) in der Sp\u00fclmaschine gereinigt werden. Achten Sie auch auf die Hinweise der Hersteller von Sp\u00fclmaschinen und Sp\u00fclmitteln \u00fcber die Schoneigenschaften ihrer Produkte.<\/li>\n<\/ul>\n<ul>\n<li class=\"mzg-catalogue-detail-info__cluster-list__item\">\n<h5>Hinweis:<br \/>\nDie Farben des Services k\u00f6nnen aufgrund der speziellen Herstellungsweise leicht vom Bild abweichen.<\/h5>\n<\/li>\n<li class=\"mzg-catalogue-detail-info__cluster-list__item\">\n<h5>Ist Sp\u00fclmaschinengeeignet<\/h5>\n<\/li>\n<li class=\"mzg-catalogue-detail-info__cluster-list__item\">\n<h5>Ist f\u00fcr Mikrowellen geeignet<\/h5>\n<\/li>\n<\/ul>\n","protected":false},"featured_media":701,"template":"","meta":[],"product_brand":[],"product_cat":[29,37],"product_tag":[43,44,42,47,31,46,45,32,34],"class_list":{"0":"post-700","1":"product","2":"type-product","3":"status-publish","4":"has-post-thumbnail","6":"product_cat-unkategorisiert","7":"product_cat-schalen","8":"product_tag-duftstein","9":"product_tag-gewuerz","10":"product_tag-gewuerzschale","11":"product_tag-handgemacht","12":"product_tag-keramik","13":"product_tag-manufaktur","14":"product_tag-sauce","15":"product_tag-schale","16":"product_tag-zuerich","18":"first","19":"outofstock","20":"sold-individually","21":"purchasable","22":"product-type-simple"},"yoast_head":"<!-- This site is optimized with the Yoast SEO plugin v25.3 - https:\/\/yoast.com\/wordpress\/plugins\/seo\/ -->\n<title>3 kleine Keramik Schalen - Unikat Z\u00fcrich<\/title>\n<meta name=\"robots\" content=\"index, follow, max-snippet:-1, max-image-preview:large, max-video-preview:-1\" \/>\n<link rel=\"canonical\" href=\"https:\/\/unikatzurich.ch\/?product=3-kleine-keramik-schalen\" \/>\n<meta property=\"og:locale\" content=\"de_DE\" \/>\n<meta property=\"og:type\" content=\"article\" \/>\n<meta property=\"og:title\" content=\"3 kleine Keramik Schalen - Unikat Z\u00fcrich\" \/>\n<meta property=\"og:description\" content=\"Material      Hergestellt aus Keramik     Pflege    Das Service kann bei Anwendung des Schongangs (55\u00b0C) in der Sp\u00fclmaschine gereinigt werden. Achten Sie auch auf die Hinweise der Hersteller von Sp\u00fclmaschinen und Sp\u00fclmitteln \u00fcber die Schoneigenschaften ihrer Produkte.     Hinweis: Die Farben des Services k\u00f6nnen aufgrund der speziellen Herstellungsweise leicht vom Bild abweichen.    Ist Sp\u00fclmaschinengeeignet    Ist f\u00fcr Mikrowellen geeignet\" \/>\n<meta property=\"og:url\" content=\"https:\/\/unikatzurich.ch\/?product=3-kleine-keramik-schalen\" \/>\n<meta property=\"og:site_name\" content=\"Unikat Z\u00fcrich\" \/>\n<meta property=\"article:modified_time\" content=\"2022-03-09T00:01:46+00:00\" \/>\n<meta property=\"og:image\" content=\"https:\/\/unikatzurich.ch\/wp-content\/uploads\/2020\/11\/weisshinterg_2-scaled.jpg\" \/>\n\t<meta property=\"og:image:width\" content=\"2560\" \/>\n\t<meta property=\"og:image:height\" content=\"1707\" \/>\n\t<meta property=\"og:image:type\" content=\"image\/jpeg\" \/>\n<meta name=\"twitter:card\" content=\"summary_large_image\" \/>\n<meta name=\"twitter:label1\" content=\"Gesch\u00e4tzte Lesezeit\" \/>\n\t<meta name=\"twitter:data1\" content=\"1\u00a0Minute\" \/>\n<script type=\"application\/ld+json\" class=\"yoast-schema-graph\">{\"@context\":\"https:\/\/schema.org\",\"@graph\":[{\"@type\":\"WebPage\",\"@id\":\"https:\/\/unikatzurich.ch\/?product=3-kleine-keramik-schalen\",\"url\":\"https:\/\/unikatzurich.ch\/?product=3-kleine-keramik-schalen\",\"name\":\"3 kleine Keramik Schalen - Unikat Z\u00fcrich\",\"isPartOf\":{\"@id\":\"https:\/\/unikatzurich.ch\/#website\"},\"primaryImageOfPage\":{\"@id\":\"https:\/\/unikatzurich.ch\/?product=3-kleine-keramik-schalen#primaryimage\"},\"image\":{\"@id\":\"https:\/\/unikatzurich.ch\/?product=3-kleine-keramik-schalen#primaryimage\"},\"thumbnailUrl\":\"https:\/\/unikatzurich.ch\/wp-content\/uploads\/2020\/11\/weisshinterg_2-scaled.jpg\",\"datePublished\":\"2020-11-22T01:01:16+00:00\",\"dateModified\":\"2022-03-09T00:01:46+00:00\",\"breadcrumb\":{\"@id\":\"https:\/\/unikatzurich.ch\/?product=3-kleine-keramik-schalen#breadcrumb\"},\"inLanguage\":\"de\",\"potentialAction\":[{\"@type\":\"ReadAction\",\"target\":[\"https:\/\/unikatzurich.ch\/?product=3-kleine-keramik-schalen\"]}]},{\"@type\":\"ImageObject\",\"inLanguage\":\"de\",\"@id\":\"https:\/\/unikatzurich.ch\/?product=3-kleine-keramik-schalen#primaryimage\",\"url\":\"https:\/\/unikatzurich.ch\/wp-content\/uploads\/2020\/11\/weisshinterg_2-scaled.jpg\",\"contentUrl\":\"https:\/\/unikatzurich.ch\/wp-content\/uploads\/2020\/11\/weisshinterg_2-scaled.jpg\",\"width\":2560,\"height\":1707},{\"@type\":\"BreadcrumbList\",\"@id\":\"https:\/\/unikatzurich.ch\/?product=3-kleine-keramik-schalen#breadcrumb\",\"itemListElement\":[{\"@type\":\"ListItem\",\"position\":1,\"name\":\"Startseite\",\"item\":\"https:\/\/unikatzurich.ch\/\"},{\"@type\":\"ListItem\",\"position\":2,\"name\":\"SHOP\",\"item\":\"https:\/\/unikatzurich.ch\/?page_id=17\"},{\"@type\":\"ListItem\",\"position\":3,\"name\":\"3 kleine Keramik Schalen\"}]},{\"@type\":\"WebSite\",\"@id\":\"https:\/\/unikatzurich.ch\/#website\",\"url\":\"https:\/\/unikatzurich.ch\/\",\"name\":\"Unikat Z\u00fcrich\",\"description\":\"Kunst und Design von schweizer Kunstschaffenden\",\"potentialAction\":[{\"@type\":\"SearchAction\",\"target\":{\"@type\":\"EntryPoint\",\"urlTemplate\":\"https:\/\/unikatzurich.ch\/?s={search_term_string}\"},\"query-input\":{\"@type\":\"PropertyValueSpecification\",\"valueRequired\":true,\"valueName\":\"search_term_string\"}}],\"inLanguage\":\"de\"}]}<\/script>\n<!-- \/ Yoast SEO plugin. -->","yoast_head_json":{"title":"3 kleine Keramik Schalen - Unikat Z\u00fcrich","robots":{"index":"index","follow":"follow","max-snippet":"max-snippet:-1","max-image-preview":"max-image-preview:large","max-video-preview":"max-video-preview:-1"},"canonical":"https:\/\/unikatzurich.ch\/?product=3-kleine-keramik-schalen","og_locale":"de_DE","og_type":"article","og_title":"3 kleine Keramik Schalen - Unikat Z\u00fcrich","og_description":"Material      Hergestellt aus Keramik     Pflege    Das Service kann bei Anwendung des Schongangs (55\u00b0C) in der Sp\u00fclmaschine gereinigt werden. Achten Sie auch auf die Hinweise der Hersteller von Sp\u00fclmaschinen und Sp\u00fclmitteln \u00fcber die Schoneigenschaften ihrer Produkte.     Hinweis: Die Farben des Services k\u00f6nnen aufgrund der speziellen Herstellungsweise leicht vom Bild abweichen.    Ist Sp\u00fclmaschinengeeignet    Ist f\u00fcr Mikrowellen geeignet","og_url":"https:\/\/unikatzurich.ch\/?product=3-kleine-keramik-schalen","og_site_name":"Unikat Z\u00fcrich","article_modified_time":"2022-03-09T00:01:46+00:00","og_image":[{"width":2560,"height":1707,"url":"https:\/\/unikatzurich.ch\/wp-content\/uploads\/2020\/11\/weisshinterg_2-scaled.jpg","type":"image\/jpeg"}],"twitter_card":"summary_large_image","twitter_misc":{"Gesch\u00e4tzte Lesezeit":"1\u00a0Minute"},"schema":{"@context":"https:\/\/schema.org","@graph":[{"@type":"WebPage","@id":"https:\/\/unikatzurich.ch\/?product=3-kleine-keramik-schalen","url":"https:\/\/unikatzurich.ch\/?product=3-kleine-keramik-schalen","name":"3 kleine Keramik Schalen - Unikat Z\u00fcrich","isPartOf":{"@id":"https:\/\/unikatzurich.ch\/#website"},"primaryImageOfPage":{"@id":"https:\/\/unikatzurich.ch\/?product=3-kleine-keramik-schalen#primaryimage"},"image":{"@id":"https:\/\/unikatzurich.ch\/?product=3-kleine-keramik-schalen#primaryimage"},"thumbnailUrl":"https:\/\/unikatzurich.ch\/wp-content\/uploads\/2020\/11\/weisshinterg_2-scaled.jpg","datePublished":"2020-11-22T01:01:16+00:00","dateModified":"2022-03-09T00:01:46+00:00","breadcrumb":{"@id":"https:\/\/unikatzurich.ch\/?product=3-kleine-keramik-schalen#breadcrumb"},"inLanguage":"de","potentialAction":[{"@type":"ReadAction","target":["https:\/\/unikatzurich.ch\/?product=3-kleine-keramik-schalen"]}]},{"@type":"ImageObject","inLanguage":"de","@id":"https:\/\/unikatzurich.ch\/?product=3-kleine-keramik-schalen#primaryimage","url":"https:\/\/unikatzurich.ch\/wp-content\/uploads\/2020\/11\/weisshinterg_2-scaled.jpg","contentUrl":"https:\/\/unikatzurich.ch\/wp-content\/uploads\/2020\/11\/weisshinterg_2-scaled.jpg","width":2560,"height":1707},{"@type":"BreadcrumbList","@id":"https:\/\/unikatzurich.ch\/?product=3-kleine-keramik-schalen#breadcrumb","itemListElement":[{"@type":"ListItem","position":1,"name":"Startseite","item":"https:\/\/unikatzurich.ch\/"},{"@type":"ListItem","position":2,"name":"SHOP","item":"https:\/\/unikatzurich.ch\/?page_id=17"},{"@type":"ListItem","position":3,"name":"3 kleine Keramik Schalen"}]},{"@type":"WebSite","@id":"https:\/\/unikatzurich.ch\/#website","url":"https:\/\/unikatzurich.ch\/","name":"Unikat Z\u00fcrich","description":"Kunst und Design von schweizer Kunstschaffenden","potentialAction":[{"@type":"SearchAction","target":{"@type":"EntryPoint","urlTemplate":"https:\/\/unikatzurich.ch\/?s={search_term_string}"},"query-input":{"@type":"PropertyValueSpecification","valueRequired":true,"valueName":"search_term_string"}}],"inLanguage":"de"}]}},"jetpack_sharing_enabled":true,"_links":{"self":[{"href":"https:\/\/unikatzurich.ch\/index.php?rest_route=\/wp\/v2\/product\/700","targetHints":{"allow":["GET"]}}],"collection":[{"href":"https:\/\/unikatzurich.ch\/index.php?rest_route=\/wp\/v2\/product"}],"about":[{"href":"https:\/\/unikatzurich.ch\/index.php?rest_route=\/wp\/v2\/types\/product"}],"version-history":[{"count":1,"href":"https:\/\/unikatzurich.ch\/index.php?rest_route=\/wp\/v2\/product\/700\/revisions"}],"predecessor-version":[{"id":1921,"href":"https:\/\/unikatzurich.ch\/index.php?rest_route=\/wp\/v2\/product\/700\/revisions\/1921"}],"wp:featuredmedia":[{"embeddable":true,"href":"https:\/\/unikatzurich.ch\/index.php?rest_route=\/wp\/v2\/media\/701"}],"wp:attachment":[{"href":"https:\/\/unikatzurich.ch\/index.php?rest_route=%2Fwp%2Fv2%2Fmedia&parent=700"}],"wp:term":[{"taxonomy":"product_brand","embeddable":true,"href":"https:\/\/unikatzurich.ch\/index.php?rest_route=%2Fwp%2Fv2%2Fproduct_brand&post=700"},{"taxonomy":"product_cat","embeddable":true,"href":"https:\/\/unikatzurich.ch\/index.php?rest_route=%2Fwp%2Fv2%2Fproduct_cat&post=700"},{"taxonomy":"product_tag","embeddable":true,"href":"https:\/\/unikatzurich.ch\/index.php?rest_route=%2Fwp%2Fv2%2Fproduct_tag&post=700"}],"curies":[{"name":"wp","href":"https:\/\/api.w.org\/{rel}","templated":true}]}}