{"id":551,"date":"2020-11-12T21:26:34","date_gmt":"2020-11-12T21:26:34","guid":{"rendered":"https:\/\/unikatzurich.ch\/?post_type=product&#038;p=551"},"modified":"2020-11-12T21:30:39","modified_gmt":"2020-11-12T21:30:39","slug":"eckiger-teller-klein-rost-weiss-2","status":"publish","type":"product","link":"https:\/\/unikatzurich.ch\/?product=eckiger-teller-klein-rost-weiss-2","title":{"rendered":"Eckiger Teller, klein, Rost\/Weiss"},"content":{"rendered":"<p>Aus der Kollektion Rost und Milch:<\/p>\n<p>Versch\u00f6nern Sie Ihren Fr\u00fchst\u00fcckstisch mit diesem Teller!<br \/>\nDank der Reaktion die zwischen der Glasur und dem Ton w\u00e4hrend dem Brand passiert, ergibt sich ein rostweisses Muster.\u00a0 Die organische Form ist bei jeder Nutzng einen Blick wert. Ein individueller, handgefertigten Charakter aufgrund der speziellen Fertigungs- und Verglasungstechniken der subtilen Form.<\/p>\n","protected":false},"excerpt":{"rendered":"<div class=\"mzg-catalogue-detail-info__cluster\">\n<div class=\"mzg-catalogue-detail-info__cluster-headline\">\n<h5>Kleiner Teller<\/h5>\n<p>Material<\/p>\n<\/div>\n<ul class=\"mzg-catalogue-detail-info__cluster-list mzg-catalogue-detail-info__cluster-list_show-content\">\n<li class=\"mzg-catalogue-detail-info__cluster-list__item\">\n<h5>Hergestellt aus Keramik<\/h5>\n<\/li>\n<\/ul>\n<\/div>\n<div class=\"mzg-catalogue-detail-info__cluster-headline\">\n<h5 class=\"mzg-component-title mzg-component-title_h5 mzg-component-title_type-small\">Pflege<\/h5>\n<\/div>\n<ul class=\"mzg-catalogue-detail-info__cluster-list mzg-catalogue-detail-info__cluster-list--hidden mzg-catalogue-detail-info__cluster-list_show-content\">\n<li class=\"mzg-catalogue-detail-info__cluster-list__item\">Das Service kann bei Anwendung des Schongangs (55\u00b0C) in der Sp\u00fclmaschine gereinigt werden. Achten Sie auch auf die Hinweise der Hersteller von Sp\u00fclmaschinen und Sp\u00fclmitteln \u00fcber die Schoneigenschaften ihrer Produkte.<\/li>\n<\/ul>\n<h5 class=\"mzg-catalogue-detail-info__cluster\">Masse<\/h5>\n<ul class=\"mzg-catalogue-detail-info__cluster-list mzg-catalogue-detail-info__cluster-list--hidden mzg-catalogue-detail-info__cluster-list_show-content\">\n<li class=\"mzg-catalogue-detail-info__cluster-list__item\">19 cm \/ 14 cm<\/li>\n<li class=\"mzg-catalogue-detail-info__cluster-list__item\">H\u00f6he: 1.5 cm<\/li>\n<\/ul>\n<ul>\n<li class=\"mzg-catalogue-detail-info__cluster-list__item\">\n<h5>Hinweis:<br \/>\nDie Farben des Services k\u00f6nnen aufgrund der speziellen Herstellungsweise leicht vom Bild abweichen.<\/h5>\n<\/li>\n<li class=\"mzg-catalogue-detail-info__cluster-list__item\">\n<h5>Ist Sp\u00fclmaschinengeeignet<\/h5>\n<\/li>\n<li class=\"mzg-catalogue-detail-info__cluster-list__item\">\n<h5>Ist f\u00fcr Mikrowellen geeignet<\/h5>\n<\/li>\n<\/ul>\n","protected":false},"featured_media":552,"template":"","meta":[],"product_brand":[],"product_cat":[29,38],"product_tag":[43,44,42,47,31,46,45,32,34],"class_list":{"0":"post-551","1":"product","2":"type-product","3":"status-publish","4":"has-post-thumbnail","6":"product_cat-unkategorisiert","7":"product_cat-teller","8":"product_tag-duftstein","9":"product_tag-gewuerz","10":"product_tag-gewuerzschale","11":"product_tag-handgemacht","12":"product_tag-keramik","13":"product_tag-manufaktur","14":"product_tag-sauce","15":"product_tag-schale","16":"product_tag-zuerich","18":"first","19":"instock","20":"sold-individually","21":"purchasable","22":"product-type-simple"},"yoast_head":"<!-- This site is optimized with the Yoast SEO plugin v25.3 - https:\/\/yoast.com\/wordpress\/plugins\/seo\/ -->\n<title>Eckiger Teller, klein, Rost\/Weiss - Unikat Z\u00fcrich<\/title>\n<meta name=\"robots\" content=\"index, follow, max-snippet:-1, max-image-preview:large, max-video-preview:-1\" \/>\n<link rel=\"canonical\" href=\"https:\/\/unikatzurich.ch\/?product=eckiger-teller-klein-rost-weiss-2\" \/>\n<meta property=\"og:locale\" content=\"de_DE\" \/>\n<meta property=\"og:type\" content=\"article\" \/>\n<meta property=\"og:title\" content=\"Eckiger Teller, klein, Rost\/Weiss - Unikat Z\u00fcrich\" \/>\n<meta property=\"og:description\" content=\"Kleiner Teller Material      Hergestellt aus Keramik     Pflege    Das Service kann bei Anwendung des Schongangs (55\u00b0C) in der Sp\u00fclmaschine gereinigt werden. Achten Sie auch auf die Hinweise der Hersteller von Sp\u00fclmaschinen und Sp\u00fclmitteln \u00fcber die Schoneigenschaften ihrer Produkte.  Masse   19 cm \/ 14 cm  H\u00f6he: 1.5 cm     Hinweis: Die Farben des Services k\u00f6nnen aufgrund der speziellen Herstellungsweise leicht vom Bild abweichen.    Ist Sp\u00fclmaschinengeeignet    Ist f\u00fcr Mikrowellen geeignet\" \/>\n<meta property=\"og:url\" content=\"https:\/\/unikatzurich.ch\/?product=eckiger-teller-klein-rost-weiss-2\" \/>\n<meta property=\"og:site_name\" content=\"Unikat Z\u00fcrich\" \/>\n<meta property=\"article:modified_time\" content=\"2020-11-12T21:30:39+00:00\" \/>\n<meta property=\"og:image\" content=\"https:\/\/unikatzurich.ch\/wp-content\/uploads\/2020\/11\/DSC1602.jpg\" \/>\n\t<meta property=\"og:image:width\" content=\"667\" \/>\n\t<meta property=\"og:image:height\" content=\"1000\" \/>\n\t<meta property=\"og:image:type\" content=\"image\/jpeg\" \/>\n<meta name=\"twitter:card\" content=\"summary_large_image\" \/>\n<script type=\"application\/ld+json\" class=\"yoast-schema-graph\">{\"@context\":\"https:\/\/schema.org\",\"@graph\":[{\"@type\":\"WebPage\",\"@id\":\"https:\/\/unikatzurich.ch\/?product=eckiger-teller-klein-rost-weiss-2\",\"url\":\"https:\/\/unikatzurich.ch\/?product=eckiger-teller-klein-rost-weiss-2\",\"name\":\"Eckiger Teller, klein, Rost\/Weiss - Unikat Z\u00fcrich\",\"isPartOf\":{\"@id\":\"https:\/\/unikatzurich.ch\/#website\"},\"primaryImageOfPage\":{\"@id\":\"https:\/\/unikatzurich.ch\/?product=eckiger-teller-klein-rost-weiss-2#primaryimage\"},\"image\":{\"@id\":\"https:\/\/unikatzurich.ch\/?product=eckiger-teller-klein-rost-weiss-2#primaryimage\"},\"thumbnailUrl\":\"https:\/\/unikatzurich.ch\/wp-content\/uploads\/2020\/11\/DSC1602.jpg\",\"datePublished\":\"2020-11-12T21:26:34+00:00\",\"dateModified\":\"2020-11-12T21:30:39+00:00\",\"breadcrumb\":{\"@id\":\"https:\/\/unikatzurich.ch\/?product=eckiger-teller-klein-rost-weiss-2#breadcrumb\"},\"inLanguage\":\"de\",\"potentialAction\":[{\"@type\":\"ReadAction\",\"target\":[\"https:\/\/unikatzurich.ch\/?product=eckiger-teller-klein-rost-weiss-2\"]}]},{\"@type\":\"ImageObject\",\"inLanguage\":\"de\",\"@id\":\"https:\/\/unikatzurich.ch\/?product=eckiger-teller-klein-rost-weiss-2#primaryimage\",\"url\":\"https:\/\/unikatzurich.ch\/wp-content\/uploads\/2020\/11\/DSC1602.jpg\",\"contentUrl\":\"https:\/\/unikatzurich.ch\/wp-content\/uploads\/2020\/11\/DSC1602.jpg\",\"width\":667,\"height\":1000},{\"@type\":\"BreadcrumbList\",\"@id\":\"https:\/\/unikatzurich.ch\/?product=eckiger-teller-klein-rost-weiss-2#breadcrumb\",\"itemListElement\":[{\"@type\":\"ListItem\",\"position\":1,\"name\":\"Startseite\",\"item\":\"https:\/\/unikatzurich.ch\/\"},{\"@type\":\"ListItem\",\"position\":2,\"name\":\"SHOP\",\"item\":\"https:\/\/unikatzurich.ch\/?page_id=17\"},{\"@type\":\"ListItem\",\"position\":3,\"name\":\"Eckiger Teller, klein, Rost\/Weiss\"}]},{\"@type\":\"WebSite\",\"@id\":\"https:\/\/unikatzurich.ch\/#website\",\"url\":\"https:\/\/unikatzurich.ch\/\",\"name\":\"Unikat Z\u00fcrich\",\"description\":\"Kunst und Design von schweizer Kunstschaffenden\",\"potentialAction\":[{\"@type\":\"SearchAction\",\"target\":{\"@type\":\"EntryPoint\",\"urlTemplate\":\"https:\/\/unikatzurich.ch\/?s={search_term_string}\"},\"query-input\":{\"@type\":\"PropertyValueSpecification\",\"valueRequired\":true,\"valueName\":\"search_term_string\"}}],\"inLanguage\":\"de\"}]}<\/script>\n<!-- \/ Yoast SEO plugin. -->","yoast_head_json":{"title":"Eckiger Teller, klein, Rost\/Weiss - Unikat Z\u00fcrich","robots":{"index":"index","follow":"follow","max-snippet":"max-snippet:-1","max-image-preview":"max-image-preview:large","max-video-preview":"max-video-preview:-1"},"canonical":"https:\/\/unikatzurich.ch\/?product=eckiger-teller-klein-rost-weiss-2","og_locale":"de_DE","og_type":"article","og_title":"Eckiger Teller, klein, Rost\/Weiss - Unikat Z\u00fcrich","og_description":"Kleiner Teller Material      Hergestellt aus Keramik     Pflege    Das Service kann bei Anwendung des Schongangs (55\u00b0C) in der Sp\u00fclmaschine gereinigt werden. Achten Sie auch auf die Hinweise der Hersteller von Sp\u00fclmaschinen und Sp\u00fclmitteln \u00fcber die Schoneigenschaften ihrer Produkte.  Masse   19 cm \/ 14 cm  H\u00f6he: 1.5 cm     Hinweis: Die Farben des Services k\u00f6nnen aufgrund der speziellen Herstellungsweise leicht vom Bild abweichen.    Ist Sp\u00fclmaschinengeeignet    Ist f\u00fcr Mikrowellen geeignet","og_url":"https:\/\/unikatzurich.ch\/?product=eckiger-teller-klein-rost-weiss-2","og_site_name":"Unikat Z\u00fcrich","article_modified_time":"2020-11-12T21:30:39+00:00","og_image":[{"width":667,"height":1000,"url":"https:\/\/unikatzurich.ch\/wp-content\/uploads\/2020\/11\/DSC1602.jpg","type":"image\/jpeg"}],"twitter_card":"summary_large_image","schema":{"@context":"https:\/\/schema.org","@graph":[{"@type":"WebPage","@id":"https:\/\/unikatzurich.ch\/?product=eckiger-teller-klein-rost-weiss-2","url":"https:\/\/unikatzurich.ch\/?product=eckiger-teller-klein-rost-weiss-2","name":"Eckiger Teller, klein, Rost\/Weiss - Unikat Z\u00fcrich","isPartOf":{"@id":"https:\/\/unikatzurich.ch\/#website"},"primaryImageOfPage":{"@id":"https:\/\/unikatzurich.ch\/?product=eckiger-teller-klein-rost-weiss-2#primaryimage"},"image":{"@id":"https:\/\/unikatzurich.ch\/?product=eckiger-teller-klein-rost-weiss-2#primaryimage"},"thumbnailUrl":"https:\/\/unikatzurich.ch\/wp-content\/uploads\/2020\/11\/DSC1602.jpg","datePublished":"2020-11-12T21:26:34+00:00","dateModified":"2020-11-12T21:30:39+00:00","breadcrumb":{"@id":"https:\/\/unikatzurich.ch\/?product=eckiger-teller-klein-rost-weiss-2#breadcrumb"},"inLanguage":"de","potentialAction":[{"@type":"ReadAction","target":["https:\/\/unikatzurich.ch\/?product=eckiger-teller-klein-rost-weiss-2"]}]},{"@type":"ImageObject","inLanguage":"de","@id":"https:\/\/unikatzurich.ch\/?product=eckiger-teller-klein-rost-weiss-2#primaryimage","url":"https:\/\/unikatzurich.ch\/wp-content\/uploads\/2020\/11\/DSC1602.jpg","contentUrl":"https:\/\/unikatzurich.ch\/wp-content\/uploads\/2020\/11\/DSC1602.jpg","width":667,"height":1000},{"@type":"BreadcrumbList","@id":"https:\/\/unikatzurich.ch\/?product=eckiger-teller-klein-rost-weiss-2#breadcrumb","itemListElement":[{"@type":"ListItem","position":1,"name":"Startseite","item":"https:\/\/unikatzurich.ch\/"},{"@type":"ListItem","position":2,"name":"SHOP","item":"https:\/\/unikatzurich.ch\/?page_id=17"},{"@type":"ListItem","position":3,"name":"Eckiger Teller, klein, Rost\/Weiss"}]},{"@type":"WebSite","@id":"https:\/\/unikatzurich.ch\/#website","url":"https:\/\/unikatzurich.ch\/","name":"Unikat Z\u00fcrich","description":"Kunst und Design von schweizer Kunstschaffenden","potentialAction":[{"@type":"SearchAction","target":{"@type":"EntryPoint","urlTemplate":"https:\/\/unikatzurich.ch\/?s={search_term_string}"},"query-input":{"@type":"PropertyValueSpecification","valueRequired":true,"valueName":"search_term_string"}}],"inLanguage":"de"}]}},"jetpack_sharing_enabled":true,"_links":{"self":[{"href":"https:\/\/unikatzurich.ch\/index.php?rest_route=\/wp\/v2\/product\/551","targetHints":{"allow":["GET"]}}],"collection":[{"href":"https:\/\/unikatzurich.ch\/index.php?rest_route=\/wp\/v2\/product"}],"about":[{"href":"https:\/\/unikatzurich.ch\/index.php?rest_route=\/wp\/v2\/types\/product"}],"version-history":[{"count":0,"href":"https:\/\/unikatzurich.ch\/index.php?rest_route=\/wp\/v2\/product\/551\/revisions"}],"wp:featuredmedia":[{"embeddable":true,"href":"https:\/\/unikatzurich.ch\/index.php?rest_route=\/wp\/v2\/media\/552"}],"wp:attachment":[{"href":"https:\/\/unikatzurich.ch\/index.php?rest_route=%2Fwp%2Fv2%2Fmedia&parent=551"}],"wp:term":[{"taxonomy":"product_brand","embeddable":true,"href":"https:\/\/unikatzurich.ch\/index.php?rest_route=%2Fwp%2Fv2%2Fproduct_brand&post=551"},{"taxonomy":"product_cat","embeddable":true,"href":"https:\/\/unikatzurich.ch\/index.php?rest_route=%2Fwp%2Fv2%2Fproduct_cat&post=551"},{"taxonomy":"product_tag","embeddable":true,"href":"https:\/\/unikatzurich.ch\/index.php?rest_route=%2Fwp%2Fv2%2Fproduct_tag&post=551"}],"curies":[{"name":"wp","href":"https:\/\/api.w.org\/{rel}","templated":true}]}}