{"id":517,"date":"2020-11-11T22:43:02","date_gmt":"2020-11-11T22:43:02","guid":{"rendered":"https:\/\/unikatzurich.ch\/?post_type=product&#038;p=517"},"modified":"2020-11-11T22:48:17","modified_gmt":"2020-11-11T22:48:17","slug":"kleine-schale-rost-weiss-kopie","status":"publish","type":"product","link":"https:\/\/unikatzurich.ch\/?product=kleine-schale-rost-weiss-kopie","title":{"rendered":"kleine Schale Rost\/Weiss"},"content":{"rendered":"<p>Aus der Kollektion Rost und Milch:<br \/>\nDank der Reaktion die zwischen der Glasur und dem Ton w\u00e4hrend dem Brand passiert, ergibt sich ein rostweisses Muster.\u00a0 Die organische Form ist bei jeder Nutzng einen Blick wert. Ein individueller, handgefertigten Charakter aufgrund der speziellen Fertigungs- und Verglasungstechniken der subtilen Form. Die kleine Schale eignet sich hierbei als perfektes Geschirr zum Servieren von Dressings, Saucen wie Sojasauce oder einer Barbecue-Sauce. Durch die attraktive Farbverl\u00e4ufe passt sich das Sch\u00e4lchen sowohl Ihrer\u00a0 Tafelrunde als auch auf dem allt\u00e4glichen Gebrauch f\u00fcr Duftsteine und \u00e4hnlichem an.<\/p>\n<p>&nbsp;<\/p>\n","protected":false},"excerpt":{"rendered":"<div class=\"mzg-catalogue-detail-info__cluster\">\n<div class=\"mzg-catalogue-detail-info__cluster-headline\">\n<h5>Kleine Schale<\/h5>\n<p>Material<\/p>\n<\/div>\n<ul class=\"mzg-catalogue-detail-info__cluster-list mzg-catalogue-detail-info__cluster-list_show-content\">\n<li class=\"mzg-catalogue-detail-info__cluster-list__item\">\n<h5>Hergestellt aus Keramik<\/h5>\n<\/li>\n<\/ul>\n<\/div>\n<div class=\"mzg-catalogue-detail-info__cluster-headline\">\n<h5 class=\"mzg-component-title mzg-component-title_h5 mzg-component-title_type-small\">Pflege<\/h5>\n<\/div>\n<ul class=\"mzg-catalogue-detail-info__cluster-list mzg-catalogue-detail-info__cluster-list--hidden mzg-catalogue-detail-info__cluster-list_show-content\">\n<li class=\"mzg-catalogue-detail-info__cluster-list__item\">Das Service kann bei Anwendung des Schongangs (55\u00b0C) in der Sp\u00fclmaschine gereinigt werden. Achten Sie auch auf die Hinweise der Hersteller von Sp\u00fclmaschinen und Sp\u00fclmitteln \u00fcber die Schoneigenschaften ihrer Produkte.<\/li>\n<\/ul>\n<h5 class=\"mzg-catalogue-detail-info__cluster\">Masse<\/h5>\n<ul class=\"mzg-catalogue-detail-info__cluster-list mzg-catalogue-detail-info__cluster-list--hidden mzg-catalogue-detail-info__cluster-list_show-content\">\n<li class=\"mzg-catalogue-detail-info__cluster-list__item\">9.5 cm \/ 8.5 cm<\/li>\n<li class=\"mzg-catalogue-detail-info__cluster-list__item\">H\u00f6he: 3 cm<\/li>\n<\/ul>\n<ul>\n<li class=\"mzg-catalogue-detail-info__cluster-list__item\">\n<h5>Hinweis:<br \/>\nDie Farben des Services k\u00f6nnen aufgrund der speziellen Herstellungsweise leicht vom Bild abweichen.<\/h5>\n<\/li>\n<li class=\"mzg-catalogue-detail-info__cluster-list__item\">\n<h5>Ist Sp\u00fclmaschinengeeignet<\/h5>\n<\/li>\n<li class=\"mzg-catalogue-detail-info__cluster-list__item\">\n<h5>Ist f\u00fcr Mikrowellen geeignet<\/h5>\n<\/li>\n<\/ul>\n","protected":false},"featured_media":518,"template":"","meta":[],"product_brand":[],"product_cat":[29,37],"product_tag":[43,44,42,47,31,46,45,32,34],"class_list":{"0":"post-517","1":"product","2":"type-product","3":"status-publish","4":"has-post-thumbnail","6":"product_cat-unkategorisiert","7":"product_cat-schalen","8":"product_tag-duftstein","9":"product_tag-gewuerz","10":"product_tag-gewuerzschale","11":"product_tag-handgemacht","12":"product_tag-keramik","13":"product_tag-manufaktur","14":"product_tag-sauce","15":"product_tag-schale","16":"product_tag-zuerich","18":"first","19":"instock","20":"sold-individually","21":"purchasable","22":"product-type-simple"},"yoast_head":"<!-- This site is optimized with the Yoast SEO plugin v25.3 - https:\/\/yoast.com\/wordpress\/plugins\/seo\/ -->\n<title>kleine Schale Rost\/Weiss - Unikat Z\u00fcrich<\/title>\n<meta name=\"robots\" content=\"index, follow, max-snippet:-1, max-image-preview:large, max-video-preview:-1\" \/>\n<link rel=\"canonical\" href=\"https:\/\/unikatzurich.ch\/?product=kleine-schale-rost-weiss-kopie\" \/>\n<meta property=\"og:locale\" content=\"de_DE\" \/>\n<meta property=\"og:type\" content=\"article\" \/>\n<meta property=\"og:title\" content=\"kleine Schale Rost\/Weiss - Unikat Z\u00fcrich\" \/>\n<meta property=\"og:description\" content=\"Kleine Schale Material      Hergestellt aus Keramik     Pflege    Das Service kann bei Anwendung des Schongangs (55\u00b0C) in der Sp\u00fclmaschine gereinigt werden. Achten Sie auch auf die Hinweise der Hersteller von Sp\u00fclmaschinen und Sp\u00fclmitteln \u00fcber die Schoneigenschaften ihrer Produkte.  Masse   9.5 cm \/ 8.5 cm  H\u00f6he: 3 cm     Hinweis: Die Farben des Services k\u00f6nnen aufgrund der speziellen Herstellungsweise leicht vom Bild abweichen.    Ist Sp\u00fclmaschinengeeignet    Ist f\u00fcr Mikrowellen geeignet\" \/>\n<meta property=\"og:url\" content=\"https:\/\/unikatzurich.ch\/?product=kleine-schale-rost-weiss-kopie\" \/>\n<meta property=\"og:site_name\" content=\"Unikat Z\u00fcrich\" \/>\n<meta property=\"article:modified_time\" content=\"2020-11-11T22:48:17+00:00\" \/>\n<meta property=\"og:image\" content=\"https:\/\/unikatzurich.ch\/wp-content\/uploads\/2020\/11\/DSC1643-e1605134725761.jpg\" \/>\n\t<meta property=\"og:image:width\" content=\"616\" \/>\n\t<meta property=\"og:image:height\" content=\"553\" \/>\n\t<meta property=\"og:image:type\" content=\"image\/jpeg\" \/>\n<meta name=\"twitter:card\" content=\"summary_large_image\" \/>\n<script type=\"application\/ld+json\" class=\"yoast-schema-graph\">{\"@context\":\"https:\/\/schema.org\",\"@graph\":[{\"@type\":\"WebPage\",\"@id\":\"https:\/\/unikatzurich.ch\/?product=kleine-schale-rost-weiss-kopie\",\"url\":\"https:\/\/unikatzurich.ch\/?product=kleine-schale-rost-weiss-kopie\",\"name\":\"kleine Schale Rost\/Weiss - Unikat Z\u00fcrich\",\"isPartOf\":{\"@id\":\"https:\/\/unikatzurich.ch\/#website\"},\"primaryImageOfPage\":{\"@id\":\"https:\/\/unikatzurich.ch\/?product=kleine-schale-rost-weiss-kopie#primaryimage\"},\"image\":{\"@id\":\"https:\/\/unikatzurich.ch\/?product=kleine-schale-rost-weiss-kopie#primaryimage\"},\"thumbnailUrl\":\"https:\/\/unikatzurich.ch\/wp-content\/uploads\/2020\/11\/DSC1643-e1605134725761.jpg\",\"datePublished\":\"2020-11-11T22:43:02+00:00\",\"dateModified\":\"2020-11-11T22:48:17+00:00\",\"breadcrumb\":{\"@id\":\"https:\/\/unikatzurich.ch\/?product=kleine-schale-rost-weiss-kopie#breadcrumb\"},\"inLanguage\":\"de\",\"potentialAction\":[{\"@type\":\"ReadAction\",\"target\":[\"https:\/\/unikatzurich.ch\/?product=kleine-schale-rost-weiss-kopie\"]}]},{\"@type\":\"ImageObject\",\"inLanguage\":\"de\",\"@id\":\"https:\/\/unikatzurich.ch\/?product=kleine-schale-rost-weiss-kopie#primaryimage\",\"url\":\"https:\/\/unikatzurich.ch\/wp-content\/uploads\/2020\/11\/DSC1643-e1605134725761.jpg\",\"contentUrl\":\"https:\/\/unikatzurich.ch\/wp-content\/uploads\/2020\/11\/DSC1643-e1605134725761.jpg\",\"width\":616,\"height\":553},{\"@type\":\"BreadcrumbList\",\"@id\":\"https:\/\/unikatzurich.ch\/?product=kleine-schale-rost-weiss-kopie#breadcrumb\",\"itemListElement\":[{\"@type\":\"ListItem\",\"position\":1,\"name\":\"Startseite\",\"item\":\"https:\/\/unikatzurich.ch\/\"},{\"@type\":\"ListItem\",\"position\":2,\"name\":\"SHOP\",\"item\":\"https:\/\/unikatzurich.ch\/?page_id=17\"},{\"@type\":\"ListItem\",\"position\":3,\"name\":\"kleine Schale Rost\/Weiss\"}]},{\"@type\":\"WebSite\",\"@id\":\"https:\/\/unikatzurich.ch\/#website\",\"url\":\"https:\/\/unikatzurich.ch\/\",\"name\":\"Unikat Z\u00fcrich\",\"description\":\"Kunst und Design von schweizer Kunstschaffenden\",\"potentialAction\":[{\"@type\":\"SearchAction\",\"target\":{\"@type\":\"EntryPoint\",\"urlTemplate\":\"https:\/\/unikatzurich.ch\/?s={search_term_string}\"},\"query-input\":{\"@type\":\"PropertyValueSpecification\",\"valueRequired\":true,\"valueName\":\"search_term_string\"}}],\"inLanguage\":\"de\"}]}<\/script>\n<!-- \/ Yoast SEO plugin. -->","yoast_head_json":{"title":"kleine Schale Rost\/Weiss - Unikat Z\u00fcrich","robots":{"index":"index","follow":"follow","max-snippet":"max-snippet:-1","max-image-preview":"max-image-preview:large","max-video-preview":"max-video-preview:-1"},"canonical":"https:\/\/unikatzurich.ch\/?product=kleine-schale-rost-weiss-kopie","og_locale":"de_DE","og_type":"article","og_title":"kleine Schale Rost\/Weiss - Unikat Z\u00fcrich","og_description":"Kleine Schale Material      Hergestellt aus Keramik     Pflege    Das Service kann bei Anwendung des Schongangs (55\u00b0C) in der Sp\u00fclmaschine gereinigt werden. Achten Sie auch auf die Hinweise der Hersteller von Sp\u00fclmaschinen und Sp\u00fclmitteln \u00fcber die Schoneigenschaften ihrer Produkte.  Masse   9.5 cm \/ 8.5 cm  H\u00f6he: 3 cm     Hinweis: Die Farben des Services k\u00f6nnen aufgrund der speziellen Herstellungsweise leicht vom Bild abweichen.    Ist Sp\u00fclmaschinengeeignet    Ist f\u00fcr Mikrowellen geeignet","og_url":"https:\/\/unikatzurich.ch\/?product=kleine-schale-rost-weiss-kopie","og_site_name":"Unikat Z\u00fcrich","article_modified_time":"2020-11-11T22:48:17+00:00","og_image":[{"width":616,"height":553,"url":"https:\/\/unikatzurich.ch\/wp-content\/uploads\/2020\/11\/DSC1643-e1605134725761.jpg","type":"image\/jpeg"}],"twitter_card":"summary_large_image","schema":{"@context":"https:\/\/schema.org","@graph":[{"@type":"WebPage","@id":"https:\/\/unikatzurich.ch\/?product=kleine-schale-rost-weiss-kopie","url":"https:\/\/unikatzurich.ch\/?product=kleine-schale-rost-weiss-kopie","name":"kleine Schale Rost\/Weiss - Unikat Z\u00fcrich","isPartOf":{"@id":"https:\/\/unikatzurich.ch\/#website"},"primaryImageOfPage":{"@id":"https:\/\/unikatzurich.ch\/?product=kleine-schale-rost-weiss-kopie#primaryimage"},"image":{"@id":"https:\/\/unikatzurich.ch\/?product=kleine-schale-rost-weiss-kopie#primaryimage"},"thumbnailUrl":"https:\/\/unikatzurich.ch\/wp-content\/uploads\/2020\/11\/DSC1643-e1605134725761.jpg","datePublished":"2020-11-11T22:43:02+00:00","dateModified":"2020-11-11T22:48:17+00:00","breadcrumb":{"@id":"https:\/\/unikatzurich.ch\/?product=kleine-schale-rost-weiss-kopie#breadcrumb"},"inLanguage":"de","potentialAction":[{"@type":"ReadAction","target":["https:\/\/unikatzurich.ch\/?product=kleine-schale-rost-weiss-kopie"]}]},{"@type":"ImageObject","inLanguage":"de","@id":"https:\/\/unikatzurich.ch\/?product=kleine-schale-rost-weiss-kopie#primaryimage","url":"https:\/\/unikatzurich.ch\/wp-content\/uploads\/2020\/11\/DSC1643-e1605134725761.jpg","contentUrl":"https:\/\/unikatzurich.ch\/wp-content\/uploads\/2020\/11\/DSC1643-e1605134725761.jpg","width":616,"height":553},{"@type":"BreadcrumbList","@id":"https:\/\/unikatzurich.ch\/?product=kleine-schale-rost-weiss-kopie#breadcrumb","itemListElement":[{"@type":"ListItem","position":1,"name":"Startseite","item":"https:\/\/unikatzurich.ch\/"},{"@type":"ListItem","position":2,"name":"SHOP","item":"https:\/\/unikatzurich.ch\/?page_id=17"},{"@type":"ListItem","position":3,"name":"kleine Schale Rost\/Weiss"}]},{"@type":"WebSite","@id":"https:\/\/unikatzurich.ch\/#website","url":"https:\/\/unikatzurich.ch\/","name":"Unikat Z\u00fcrich","description":"Kunst und Design von schweizer Kunstschaffenden","potentialAction":[{"@type":"SearchAction","target":{"@type":"EntryPoint","urlTemplate":"https:\/\/unikatzurich.ch\/?s={search_term_string}"},"query-input":{"@type":"PropertyValueSpecification","valueRequired":true,"valueName":"search_term_string"}}],"inLanguage":"de"}]}},"jetpack_sharing_enabled":true,"_links":{"self":[{"href":"https:\/\/unikatzurich.ch\/index.php?rest_route=\/wp\/v2\/product\/517","targetHints":{"allow":["GET"]}}],"collection":[{"href":"https:\/\/unikatzurich.ch\/index.php?rest_route=\/wp\/v2\/product"}],"about":[{"href":"https:\/\/unikatzurich.ch\/index.php?rest_route=\/wp\/v2\/types\/product"}],"version-history":[{"count":0,"href":"https:\/\/unikatzurich.ch\/index.php?rest_route=\/wp\/v2\/product\/517\/revisions"}],"wp:featuredmedia":[{"embeddable":true,"href":"https:\/\/unikatzurich.ch\/index.php?rest_route=\/wp\/v2\/media\/518"}],"wp:attachment":[{"href":"https:\/\/unikatzurich.ch\/index.php?rest_route=%2Fwp%2Fv2%2Fmedia&parent=517"}],"wp:term":[{"taxonomy":"product_brand","embeddable":true,"href":"https:\/\/unikatzurich.ch\/index.php?rest_route=%2Fwp%2Fv2%2Fproduct_brand&post=517"},{"taxonomy":"product_cat","embeddable":true,"href":"https:\/\/unikatzurich.ch\/index.php?rest_route=%2Fwp%2Fv2%2Fproduct_cat&post=517"},{"taxonomy":"product_tag","embeddable":true,"href":"https:\/\/unikatzurich.ch\/index.php?rest_route=%2Fwp%2Fv2%2Fproduct_tag&post=517"}],"curies":[{"name":"wp","href":"https:\/\/api.w.org\/{rel}","templated":true}]}}