{"id":2177,"date":"2022-12-04T23:23:41","date_gmt":"2022-12-04T23:23:41","guid":{"rendered":"https:\/\/unikatzurich.ch\/?post_type=product&#038;p=2177"},"modified":"2022-12-18T21:31:38","modified_gmt":"2022-12-18T21:31:38","slug":"blue-heart-kleine-schale","status":"publish","type":"product","link":"https:\/\/unikatzurich.ch\/?product=blue-heart-kleine-schale","title":{"rendered":"Blue heart &#8211; kleine Schale"},"content":{"rendered":"<div class=\"page\" title=\"Page 1\">\n<div class=\"layoutArea\">\n<div class=\"page\" title=\"Page 1\">\n<div class=\"layoutArea\">\n<div class=\"column\">\n<div class=\"page\" title=\"Page 2\">\n<div class=\"layoutArea\">\n<div class=\"column\">\n<p>Kleine Porzellan Schale<\/p>\n<div class=\"page\" title=\"Page 2\">\n<div class=\"layoutArea\">\n<div class=\"column\">\n<p>Blue heart 4x9cm (HxB) (9cm Durchmesser)<\/p>\n<p>Gegossene Schale aus Porzellan. Weisser Porzellan, engobiert und mit gla\u0308nzender Glasur. Die Schale eignet sich gut alsTee- schale oder z.B als Beha\u0308lter fu\u0308r Saucen, Antipasti oder Dessert.<\/p>\n<\/div>\n<\/div>\n<\/div>\n<\/div>\n<\/div>\n<\/div>\n<div class=\"page\" title=\"Page 1\">\n<div class=\"layoutArea\">\n<div class=\"column\">\n<p>By Manuela Cossalter<\/p>\n<\/div>\n<\/div>\n<\/div>\n<\/div>\n<\/div>\n<\/div>\n<\/div>\n<\/div>\n","protected":false},"excerpt":{"rendered":"<div class=\"page\" title=\"Page 2\">\n<div class=\"layoutArea\">\n<div class=\"column\">\n<p>Die Schale eignet sich gut als Tee- schale oder z.B als Beha\u0308lter fu\u0308r Saucen, Antipasti oder Dessert.<\/p>\n<\/div>\n<\/div>\n<\/div>\n","protected":false},"featured_media":2179,"template":"","meta":[],"product_brand":[],"product_cat":[29,87,37,40],"product_tag":[96,47,101,92,90,102,32,70],"class_list":{"0":"post-2177","1":"product","2":"type-product","3":"status-publish","4":"has-post-thumbnail","6":"product_cat-unkategorisiert","7":"product_cat-manuela-cossalter","8":"product_cat-schalen","9":"product_cat-tassen","10":"product_tag-fantasie","11":"product_tag-handgemacht","12":"product_tag-kleine-schale","13":"product_tag-manuela-cosslater","14":"product_tag-porzellan","15":"product_tag-schaelchen","16":"product_tag-schale","17":"product_tag-weiss","19":"first","20":"outofstock","21":"sold-individually","22":"purchasable","23":"product-type-simple"},"yoast_head":"<!-- This site is optimized with the Yoast SEO plugin v25.3 - https:\/\/yoast.com\/wordpress\/plugins\/seo\/ -->\n<title>Blue heart - kleine Schale - Unikat Z\u00fcrich<\/title>\n<meta name=\"description\" content=\"Sch\u00e4lchen..Die Schale eignet sich gut als Teeschale oder z.B als Beh\u00e4lter f\u00fcr Saucen, Antipasti oder Dessert.\" \/>\n<meta name=\"robots\" content=\"index, follow, max-snippet:-1, max-image-preview:large, max-video-preview:-1\" \/>\n<link rel=\"canonical\" href=\"https:\/\/unikatzurich.ch\/?product=blue-heart-kleine-schale\" \/>\n<meta property=\"og:locale\" content=\"de_DE\" \/>\n<meta property=\"og:type\" content=\"article\" \/>\n<meta property=\"og:title\" content=\"Blue heart - kleine Schale - Unikat Z\u00fcrich\" \/>\n<meta property=\"og:description\" content=\"Sch\u00e4lchen..Die Schale eignet sich gut als Teeschale oder z.B als Beh\u00e4lter f\u00fcr Saucen, Antipasti oder Dessert.\" \/>\n<meta property=\"og:url\" content=\"https:\/\/unikatzurich.ch\/?product=blue-heart-kleine-schale\" \/>\n<meta property=\"og:site_name\" content=\"Unikat Z\u00fcrich\" \/>\n<meta property=\"article:modified_time\" content=\"2022-12-18T21:31:38+00:00\" \/>\n<meta property=\"og:image\" content=\"https:\/\/unikatzurich.ch\/wp-content\/uploads\/2022\/12\/FL4_1-scaled.jpeg\" \/>\n\t<meta property=\"og:image:width\" content=\"2560\" \/>\n\t<meta property=\"og:image:height\" content=\"2560\" \/>\n\t<meta property=\"og:image:type\" content=\"image\/jpeg\" \/>\n<meta name=\"twitter:card\" content=\"summary_large_image\" \/>\n<meta name=\"twitter:label1\" content=\"Gesch\u00e4tzte Lesezeit\" \/>\n\t<meta name=\"twitter:data1\" content=\"1\u00a0Minute\" \/>\n<script type=\"application\/ld+json\" class=\"yoast-schema-graph\">{\"@context\":\"https:\/\/schema.org\",\"@graph\":[{\"@type\":\"WebPage\",\"@id\":\"https:\/\/unikatzurich.ch\/?product=blue-heart-kleine-schale\",\"url\":\"https:\/\/unikatzurich.ch\/?product=blue-heart-kleine-schale\",\"name\":\"Blue heart - kleine Schale - Unikat Z\u00fcrich\",\"isPartOf\":{\"@id\":\"https:\/\/unikatzurich.ch\/#website\"},\"primaryImageOfPage\":{\"@id\":\"https:\/\/unikatzurich.ch\/?product=blue-heart-kleine-schale#primaryimage\"},\"image\":{\"@id\":\"https:\/\/unikatzurich.ch\/?product=blue-heart-kleine-schale#primaryimage\"},\"thumbnailUrl\":\"https:\/\/unikatzurich.ch\/wp-content\/uploads\/2022\/12\/FL4_1-scaled.jpeg\",\"datePublished\":\"2022-12-04T23:23:41+00:00\",\"dateModified\":\"2022-12-18T21:31:38+00:00\",\"description\":\"Sch\u00e4lchen..Die Schale eignet sich gut als Teeschale oder z.B als Beh\u00e4lter f\u00fcr Saucen, Antipasti oder Dessert.\",\"breadcrumb\":{\"@id\":\"https:\/\/unikatzurich.ch\/?product=blue-heart-kleine-schale#breadcrumb\"},\"inLanguage\":\"de\",\"potentialAction\":[{\"@type\":\"ReadAction\",\"target\":[\"https:\/\/unikatzurich.ch\/?product=blue-heart-kleine-schale\"]}]},{\"@type\":\"ImageObject\",\"inLanguage\":\"de\",\"@id\":\"https:\/\/unikatzurich.ch\/?product=blue-heart-kleine-schale#primaryimage\",\"url\":\"https:\/\/unikatzurich.ch\/wp-content\/uploads\/2022\/12\/FL4_1-scaled.jpeg\",\"contentUrl\":\"https:\/\/unikatzurich.ch\/wp-content\/uploads\/2022\/12\/FL4_1-scaled.jpeg\",\"width\":2560,\"height\":2560,\"caption\":\"Gegossene Schale aus Porzellan. Weisser Porzellan, engobiert und mit gl\u00e4nzender Glasur. Die Schale eignet sich gut alsTee- schale oder z.B als Beh\u00e4lter f\u00fcr Saucen, Antipasti oder Dessert\"},{\"@type\":\"BreadcrumbList\",\"@id\":\"https:\/\/unikatzurich.ch\/?product=blue-heart-kleine-schale#breadcrumb\",\"itemListElement\":[{\"@type\":\"ListItem\",\"position\":1,\"name\":\"Startseite\",\"item\":\"https:\/\/unikatzurich.ch\/\"},{\"@type\":\"ListItem\",\"position\":2,\"name\":\"SHOP\",\"item\":\"https:\/\/unikatzurich.ch\/?page_id=17\"},{\"@type\":\"ListItem\",\"position\":3,\"name\":\"Blue heart &#8211; kleine Schale\"}]},{\"@type\":\"WebSite\",\"@id\":\"https:\/\/unikatzurich.ch\/#website\",\"url\":\"https:\/\/unikatzurich.ch\/\",\"name\":\"Unikat Z\u00fcrich\",\"description\":\"Kunst und Design von schweizer Kunstschaffenden\",\"potentialAction\":[{\"@type\":\"SearchAction\",\"target\":{\"@type\":\"EntryPoint\",\"urlTemplate\":\"https:\/\/unikatzurich.ch\/?s={search_term_string}\"},\"query-input\":{\"@type\":\"PropertyValueSpecification\",\"valueRequired\":true,\"valueName\":\"search_term_string\"}}],\"inLanguage\":\"de\"}]}<\/script>\n<!-- \/ Yoast SEO plugin. -->","yoast_head_json":{"title":"Blue heart - kleine Schale - Unikat Z\u00fcrich","description":"Sch\u00e4lchen..Die Schale eignet sich gut als Teeschale oder z.B als Beh\u00e4lter f\u00fcr Saucen, Antipasti oder Dessert.","robots":{"index":"index","follow":"follow","max-snippet":"max-snippet:-1","max-image-preview":"max-image-preview:large","max-video-preview":"max-video-preview:-1"},"canonical":"https:\/\/unikatzurich.ch\/?product=blue-heart-kleine-schale","og_locale":"de_DE","og_type":"article","og_title":"Blue heart - kleine Schale - Unikat Z\u00fcrich","og_description":"Sch\u00e4lchen..Die Schale eignet sich gut als Teeschale oder z.B als Beh\u00e4lter f\u00fcr Saucen, Antipasti oder Dessert.","og_url":"https:\/\/unikatzurich.ch\/?product=blue-heart-kleine-schale","og_site_name":"Unikat Z\u00fcrich","article_modified_time":"2022-12-18T21:31:38+00:00","og_image":[{"width":2560,"height":2560,"url":"https:\/\/unikatzurich.ch\/wp-content\/uploads\/2022\/12\/FL4_1-scaled.jpeg","type":"image\/jpeg"}],"twitter_card":"summary_large_image","twitter_misc":{"Gesch\u00e4tzte Lesezeit":"1\u00a0Minute"},"schema":{"@context":"https:\/\/schema.org","@graph":[{"@type":"WebPage","@id":"https:\/\/unikatzurich.ch\/?product=blue-heart-kleine-schale","url":"https:\/\/unikatzurich.ch\/?product=blue-heart-kleine-schale","name":"Blue heart - kleine Schale - Unikat Z\u00fcrich","isPartOf":{"@id":"https:\/\/unikatzurich.ch\/#website"},"primaryImageOfPage":{"@id":"https:\/\/unikatzurich.ch\/?product=blue-heart-kleine-schale#primaryimage"},"image":{"@id":"https:\/\/unikatzurich.ch\/?product=blue-heart-kleine-schale#primaryimage"},"thumbnailUrl":"https:\/\/unikatzurich.ch\/wp-content\/uploads\/2022\/12\/FL4_1-scaled.jpeg","datePublished":"2022-12-04T23:23:41+00:00","dateModified":"2022-12-18T21:31:38+00:00","description":"Sch\u00e4lchen..Die Schale eignet sich gut als Teeschale oder z.B als Beh\u00e4lter f\u00fcr Saucen, Antipasti oder Dessert.","breadcrumb":{"@id":"https:\/\/unikatzurich.ch\/?product=blue-heart-kleine-schale#breadcrumb"},"inLanguage":"de","potentialAction":[{"@type":"ReadAction","target":["https:\/\/unikatzurich.ch\/?product=blue-heart-kleine-schale"]}]},{"@type":"ImageObject","inLanguage":"de","@id":"https:\/\/unikatzurich.ch\/?product=blue-heart-kleine-schale#primaryimage","url":"https:\/\/unikatzurich.ch\/wp-content\/uploads\/2022\/12\/FL4_1-scaled.jpeg","contentUrl":"https:\/\/unikatzurich.ch\/wp-content\/uploads\/2022\/12\/FL4_1-scaled.jpeg","width":2560,"height":2560,"caption":"Gegossene Schale aus Porzellan. Weisser Porzellan, engobiert und mit gl\u00e4nzender Glasur. Die Schale eignet sich gut alsTee- schale oder z.B als Beh\u00e4lter f\u00fcr Saucen, Antipasti oder Dessert"},{"@type":"BreadcrumbList","@id":"https:\/\/unikatzurich.ch\/?product=blue-heart-kleine-schale#breadcrumb","itemListElement":[{"@type":"ListItem","position":1,"name":"Startseite","item":"https:\/\/unikatzurich.ch\/"},{"@type":"ListItem","position":2,"name":"SHOP","item":"https:\/\/unikatzurich.ch\/?page_id=17"},{"@type":"ListItem","position":3,"name":"Blue heart &#8211; kleine Schale"}]},{"@type":"WebSite","@id":"https:\/\/unikatzurich.ch\/#website","url":"https:\/\/unikatzurich.ch\/","name":"Unikat Z\u00fcrich","description":"Kunst und Design von schweizer Kunstschaffenden","potentialAction":[{"@type":"SearchAction","target":{"@type":"EntryPoint","urlTemplate":"https:\/\/unikatzurich.ch\/?s={search_term_string}"},"query-input":{"@type":"PropertyValueSpecification","valueRequired":true,"valueName":"search_term_string"}}],"inLanguage":"de"}]}},"jetpack_sharing_enabled":true,"_links":{"self":[{"href":"https:\/\/unikatzurich.ch\/index.php?rest_route=\/wp\/v2\/product\/2177","targetHints":{"allow":["GET"]}}],"collection":[{"href":"https:\/\/unikatzurich.ch\/index.php?rest_route=\/wp\/v2\/product"}],"about":[{"href":"https:\/\/unikatzurich.ch\/index.php?rest_route=\/wp\/v2\/types\/product"}],"version-history":[{"count":1,"href":"https:\/\/unikatzurich.ch\/index.php?rest_route=\/wp\/v2\/product\/2177\/revisions"}],"predecessor-version":[{"id":2188,"href":"https:\/\/unikatzurich.ch\/index.php?rest_route=\/wp\/v2\/product\/2177\/revisions\/2188"}],"wp:featuredmedia":[{"embeddable":true,"href":"https:\/\/unikatzurich.ch\/index.php?rest_route=\/wp\/v2\/media\/2179"}],"wp:attachment":[{"href":"https:\/\/unikatzurich.ch\/index.php?rest_route=%2Fwp%2Fv2%2Fmedia&parent=2177"}],"wp:term":[{"taxonomy":"product_brand","embeddable":true,"href":"https:\/\/unikatzurich.ch\/index.php?rest_route=%2Fwp%2Fv2%2Fproduct_brand&post=2177"},{"taxonomy":"product_cat","embeddable":true,"href":"https:\/\/unikatzurich.ch\/index.php?rest_route=%2Fwp%2Fv2%2Fproduct_cat&post=2177"},{"taxonomy":"product_tag","embeddable":true,"href":"https:\/\/unikatzurich.ch\/index.php?rest_route=%2Fwp%2Fv2%2Fproduct_tag&post=2177"}],"curies":[{"name":"wp","href":"https:\/\/api.w.org\/{rel}","templated":true}]}}