{"id":2055,"date":"2022-11-30T21:47:37","date_gmt":"2022-11-30T21:47:37","guid":{"rendered":"https:\/\/unikatzurich.ch\/?post_type=product&#038;p=2055"},"modified":"2022-11-30T21:54:39","modified_gmt":"2022-11-30T21:54:39","slug":"adventure-schale","status":"publish","type":"product","link":"https:\/\/unikatzurich.ch\/?product=adventure-schale","title":{"rendered":"ADVENTURE &#8211; Schale"},"content":{"rendered":"<div class=\"page\" title=\"Page 1\">\n<div class=\"layoutArea\">\n<div class=\"page\" title=\"Page 1\">\n<div class=\"layoutArea\">\n<div class=\"column\">\n<div class=\"page\" title=\"Page 1\">\n<div class=\"layoutArea\">\n<div class=\"column\">\n<div class=\"page\" title=\"Page 1\">\n<div class=\"layoutArea\">\n<div class=\"column\">\n<div class=\"page\" title=\"Page 1\">\n<div class=\"layoutArea\">\n<div class=\"column\">\n<div class=\"page\" title=\"Page 1\">\n<div class=\"layoutArea\">\n<div class=\"column\">\n<div class=\"page\" title=\"Page 1\">\n<div class=\"layoutArea\">\n<div class=\"column\">\n<p>Gegossene Schale aus Porzellan. Weisser Porzellan, engobiert und mit gla\u0308nzender Glasur glasiert. Die Schale eignet sich z.B gut als Fru\u0308chte- Salat, Suppen oder Fru\u0308stu\u0308cksschale.<\/p>\n<div class=\"page\" title=\"Page 1\">\n<div class=\"layoutArea\">\n<div class=\"column\">\n<p>Schale 9x15cm(HxB) (Durchmesser 15cm)<\/p>\n<\/div>\n<\/div>\n<\/div>\n<\/div>\n<\/div>\n<\/div>\n<\/div>\n<\/div>\n<\/div>\n<\/div>\n<\/div>\n<\/div>\n<\/div>\n<\/div>\n<\/div>\n<\/div>\n<\/div>\n<\/div>\n<div class=\"page\" title=\"Page 1\">\n<div class=\"layoutArea\">\n<div class=\"column\">\n<div class=\"page\" title=\"Page 1\">\n<div class=\"layoutArea\">\n<div class=\"column\">\n<p>Bei diesen Schalen wurde eine spezielle Technik angewendet, bei der vor dem giessen direkt in die Gipsform ge- malt wurde mit Engobe. Nach dem Giessen wurde dann nochmals mit Engobe auf die Schale gemalt und nach dem Vorbrand wurde das Ganze mit verschieden farbigen Glasuren erweitert. Somit ergeben sich mehrere Ebenen die dem `Drang des Kreierens`der Ku\u0308nstlerin entegenkommen.<\/p>\n<\/div>\n<\/div>\n<\/div>\n<p>By Manuela Cossalter<\/p>\n<\/div>\n<\/div>\n<\/div>\n<\/div>\n<\/div>\n<\/div>\n<\/div>\n<\/div>\n","protected":false},"excerpt":{"rendered":"<p>Fru\u0308chte- Salat, Suppen oder Fru\u0308stu\u0308cksschale.<\/p>\n","protected":false},"featured_media":2056,"template":"","meta":[],"product_brand":[],"product_cat":[29,87,37],"product_tag":[89,47,92,90,32,88,70],"class_list":{"0":"post-2055","1":"product","2":"type-product","3":"status-publish","4":"has-post-thumbnail","6":"product_cat-unkategorisiert","7":"product_cat-manuela-cossalter","8":"product_cat-schalen","9":"product_tag-fanatasie","10":"product_tag-handgemacht","11":"product_tag-manuela-cosslater","12":"product_tag-porzellan","13":"product_tag-schale","14":"product_tag-upcycled","15":"product_tag-weiss","17":"first","18":"instock","19":"sold-individually","20":"purchasable","21":"product-type-simple"},"yoast_head":"<!-- This site is optimized with the Yoast SEO plugin v25.3 - https:\/\/yoast.com\/wordpress\/plugins\/seo\/ -->\n<title>ADVENTURE - Schale - Unikat Z\u00fcrich<\/title>\n<meta name=\"description\" content=\"Gegossene Schale aus Porzellan. Weisser Porzellan, engobiert und mit gla\u0308nzender Glasur glasiert.\" \/>\n<meta name=\"robots\" content=\"index, follow, max-snippet:-1, max-image-preview:large, max-video-preview:-1\" \/>\n<link rel=\"canonical\" href=\"https:\/\/unikatzurich.ch\/?product=adventure-schale\" \/>\n<meta property=\"og:locale\" content=\"de_DE\" \/>\n<meta property=\"og:type\" content=\"article\" \/>\n<meta property=\"og:title\" content=\"ADVENTURE - Schale - Unikat Z\u00fcrich\" \/>\n<meta property=\"og:description\" content=\"Gegossene Schale aus Porzellan. Weisser Porzellan, engobiert und mit gla\u0308nzender Glasur glasiert.\" \/>\n<meta property=\"og:url\" content=\"https:\/\/unikatzurich.ch\/?product=adventure-schale\" \/>\n<meta property=\"og:site_name\" content=\"Unikat Z\u00fcrich\" \/>\n<meta property=\"article:modified_time\" content=\"2022-11-30T21:54:39+00:00\" \/>\n<meta property=\"og:image\" content=\"https:\/\/unikatzurich.ch\/wp-content\/uploads\/2022\/11\/BEAR1_1-scaled.jpeg\" \/>\n\t<meta property=\"og:image:width\" content=\"2560\" \/>\n\t<meta property=\"og:image:height\" content=\"2560\" \/>\n\t<meta property=\"og:image:type\" content=\"image\/jpeg\" \/>\n<meta name=\"twitter:card\" content=\"summary_large_image\" \/>\n<meta name=\"twitter:label1\" content=\"Gesch\u00e4tzte Lesezeit\" \/>\n\t<meta name=\"twitter:data1\" content=\"1\u00a0Minute\" \/>\n<script type=\"application\/ld+json\" class=\"yoast-schema-graph\">{\"@context\":\"https:\/\/schema.org\",\"@graph\":[{\"@type\":\"WebPage\",\"@id\":\"https:\/\/unikatzurich.ch\/?product=adventure-schale\",\"url\":\"https:\/\/unikatzurich.ch\/?product=adventure-schale\",\"name\":\"ADVENTURE - Schale - Unikat Z\u00fcrich\",\"isPartOf\":{\"@id\":\"https:\/\/unikatzurich.ch\/#website\"},\"primaryImageOfPage\":{\"@id\":\"https:\/\/unikatzurich.ch\/?product=adventure-schale#primaryimage\"},\"image\":{\"@id\":\"https:\/\/unikatzurich.ch\/?product=adventure-schale#primaryimage\"},\"thumbnailUrl\":\"https:\/\/unikatzurich.ch\/wp-content\/uploads\/2022\/11\/BEAR1_1-scaled.jpeg\",\"datePublished\":\"2022-11-30T21:47:37+00:00\",\"dateModified\":\"2022-11-30T21:54:39+00:00\",\"description\":\"Gegossene Schale aus Porzellan. Weisser Porzellan, engobiert und mit gla\u0308nzender Glasur glasiert.\",\"breadcrumb\":{\"@id\":\"https:\/\/unikatzurich.ch\/?product=adventure-schale#breadcrumb\"},\"inLanguage\":\"de\",\"potentialAction\":[{\"@type\":\"ReadAction\",\"target\":[\"https:\/\/unikatzurich.ch\/?product=adventure-schale\"]}]},{\"@type\":\"ImageObject\",\"inLanguage\":\"de\",\"@id\":\"https:\/\/unikatzurich.ch\/?product=adventure-schale#primaryimage\",\"url\":\"https:\/\/unikatzurich.ch\/wp-content\/uploads\/2022\/11\/BEAR1_1-scaled.jpeg\",\"contentUrl\":\"https:\/\/unikatzurich.ch\/wp-content\/uploads\/2022\/11\/BEAR1_1-scaled.jpeg\",\"width\":2560,\"height\":2560,\"caption\":\"Gegossene Schale aus Porzellan. Weisser Porzellan, engobiert und mit gl\u00e4nzender Glasur. Die Schale eignet sich gut alsTee- schale oder z.B als Beh\u00e4lter f\u00fcr Saucen, Antipasti oder Dessert\"},{\"@type\":\"BreadcrumbList\",\"@id\":\"https:\/\/unikatzurich.ch\/?product=adventure-schale#breadcrumb\",\"itemListElement\":[{\"@type\":\"ListItem\",\"position\":1,\"name\":\"Startseite\",\"item\":\"https:\/\/unikatzurich.ch\/\"},{\"@type\":\"ListItem\",\"position\":2,\"name\":\"SHOP\",\"item\":\"https:\/\/unikatzurich.ch\/?page_id=17\"},{\"@type\":\"ListItem\",\"position\":3,\"name\":\"ADVENTURE &#8211; Schale\"}]},{\"@type\":\"WebSite\",\"@id\":\"https:\/\/unikatzurich.ch\/#website\",\"url\":\"https:\/\/unikatzurich.ch\/\",\"name\":\"Unikat Z\u00fcrich\",\"description\":\"Kunst und Design von schweizer Kunstschaffenden\",\"potentialAction\":[{\"@type\":\"SearchAction\",\"target\":{\"@type\":\"EntryPoint\",\"urlTemplate\":\"https:\/\/unikatzurich.ch\/?s={search_term_string}\"},\"query-input\":{\"@type\":\"PropertyValueSpecification\",\"valueRequired\":true,\"valueName\":\"search_term_string\"}}],\"inLanguage\":\"de\"}]}<\/script>\n<!-- \/ Yoast SEO plugin. -->","yoast_head_json":{"title":"ADVENTURE - Schale - Unikat Z\u00fcrich","description":"Gegossene Schale aus Porzellan. Weisser Porzellan, engobiert und mit gla\u0308nzender Glasur glasiert.","robots":{"index":"index","follow":"follow","max-snippet":"max-snippet:-1","max-image-preview":"max-image-preview:large","max-video-preview":"max-video-preview:-1"},"canonical":"https:\/\/unikatzurich.ch\/?product=adventure-schale","og_locale":"de_DE","og_type":"article","og_title":"ADVENTURE - Schale - Unikat Z\u00fcrich","og_description":"Gegossene Schale aus Porzellan. Weisser Porzellan, engobiert und mit gla\u0308nzender Glasur glasiert.","og_url":"https:\/\/unikatzurich.ch\/?product=adventure-schale","og_site_name":"Unikat Z\u00fcrich","article_modified_time":"2022-11-30T21:54:39+00:00","og_image":[{"width":2560,"height":2560,"url":"https:\/\/unikatzurich.ch\/wp-content\/uploads\/2022\/11\/BEAR1_1-scaled.jpeg","type":"image\/jpeg"}],"twitter_card":"summary_large_image","twitter_misc":{"Gesch\u00e4tzte Lesezeit":"1\u00a0Minute"},"schema":{"@context":"https:\/\/schema.org","@graph":[{"@type":"WebPage","@id":"https:\/\/unikatzurich.ch\/?product=adventure-schale","url":"https:\/\/unikatzurich.ch\/?product=adventure-schale","name":"ADVENTURE - Schale - Unikat Z\u00fcrich","isPartOf":{"@id":"https:\/\/unikatzurich.ch\/#website"},"primaryImageOfPage":{"@id":"https:\/\/unikatzurich.ch\/?product=adventure-schale#primaryimage"},"image":{"@id":"https:\/\/unikatzurich.ch\/?product=adventure-schale#primaryimage"},"thumbnailUrl":"https:\/\/unikatzurich.ch\/wp-content\/uploads\/2022\/11\/BEAR1_1-scaled.jpeg","datePublished":"2022-11-30T21:47:37+00:00","dateModified":"2022-11-30T21:54:39+00:00","description":"Gegossene Schale aus Porzellan. Weisser Porzellan, engobiert und mit gla\u0308nzender Glasur glasiert.","breadcrumb":{"@id":"https:\/\/unikatzurich.ch\/?product=adventure-schale#breadcrumb"},"inLanguage":"de","potentialAction":[{"@type":"ReadAction","target":["https:\/\/unikatzurich.ch\/?product=adventure-schale"]}]},{"@type":"ImageObject","inLanguage":"de","@id":"https:\/\/unikatzurich.ch\/?product=adventure-schale#primaryimage","url":"https:\/\/unikatzurich.ch\/wp-content\/uploads\/2022\/11\/BEAR1_1-scaled.jpeg","contentUrl":"https:\/\/unikatzurich.ch\/wp-content\/uploads\/2022\/11\/BEAR1_1-scaled.jpeg","width":2560,"height":2560,"caption":"Gegossene Schale aus Porzellan. Weisser Porzellan, engobiert und mit gl\u00e4nzender Glasur. Die Schale eignet sich gut alsTee- schale oder z.B als Beh\u00e4lter f\u00fcr Saucen, Antipasti oder Dessert"},{"@type":"BreadcrumbList","@id":"https:\/\/unikatzurich.ch\/?product=adventure-schale#breadcrumb","itemListElement":[{"@type":"ListItem","position":1,"name":"Startseite","item":"https:\/\/unikatzurich.ch\/"},{"@type":"ListItem","position":2,"name":"SHOP","item":"https:\/\/unikatzurich.ch\/?page_id=17"},{"@type":"ListItem","position":3,"name":"ADVENTURE &#8211; Schale"}]},{"@type":"WebSite","@id":"https:\/\/unikatzurich.ch\/#website","url":"https:\/\/unikatzurich.ch\/","name":"Unikat Z\u00fcrich","description":"Kunst und Design von schweizer Kunstschaffenden","potentialAction":[{"@type":"SearchAction","target":{"@type":"EntryPoint","urlTemplate":"https:\/\/unikatzurich.ch\/?s={search_term_string}"},"query-input":{"@type":"PropertyValueSpecification","valueRequired":true,"valueName":"search_term_string"}}],"inLanguage":"de"}]}},"jetpack_sharing_enabled":true,"_links":{"self":[{"href":"https:\/\/unikatzurich.ch\/index.php?rest_route=\/wp\/v2\/product\/2055","targetHints":{"allow":["GET"]}}],"collection":[{"href":"https:\/\/unikatzurich.ch\/index.php?rest_route=\/wp\/v2\/product"}],"about":[{"href":"https:\/\/unikatzurich.ch\/index.php?rest_route=\/wp\/v2\/types\/product"}],"version-history":[{"count":1,"href":"https:\/\/unikatzurich.ch\/index.php?rest_route=\/wp\/v2\/product\/2055\/revisions"}],"predecessor-version":[{"id":2065,"href":"https:\/\/unikatzurich.ch\/index.php?rest_route=\/wp\/v2\/product\/2055\/revisions\/2065"}],"wp:featuredmedia":[{"embeddable":true,"href":"https:\/\/unikatzurich.ch\/index.php?rest_route=\/wp\/v2\/media\/2056"}],"wp:attachment":[{"href":"https:\/\/unikatzurich.ch\/index.php?rest_route=%2Fwp%2Fv2%2Fmedia&parent=2055"}],"wp:term":[{"taxonomy":"product_brand","embeddable":true,"href":"https:\/\/unikatzurich.ch\/index.php?rest_route=%2Fwp%2Fv2%2Fproduct_brand&post=2055"},{"taxonomy":"product_cat","embeddable":true,"href":"https:\/\/unikatzurich.ch\/index.php?rest_route=%2Fwp%2Fv2%2Fproduct_cat&post=2055"},{"taxonomy":"product_tag","embeddable":true,"href":"https:\/\/unikatzurich.ch\/index.php?rest_route=%2Fwp%2Fv2%2Fproduct_tag&post=2055"}],"curies":[{"name":"wp","href":"https:\/\/api.w.org\/{rel}","templated":true}]}}