{"id":1916,"date":"2022-03-08T23:57:36","date_gmt":"2022-03-08T23:57:36","guid":{"rendered":"https:\/\/unikatzurich.ch\/?post_type=product&#038;p=1916"},"modified":"2022-03-08T23:59:31","modified_gmt":"2022-03-08T23:59:31","slug":"keramikteller-organische-form-blau-3","status":"publish","type":"product","link":"https:\/\/unikatzurich.ch\/?product=keramikteller-organische-form-blau-3","title":{"rendered":"Keramikteller, organische Form, blau"},"content":{"rendered":"<p>Handgefertigter Teller aus dunklem Ton mit blauer und weisser Glasur.<\/p>\n<p>Die organische Form ist eine Abstraktion der Innenkammern von Insektenfl\u00fcgeln. Die Glasur ist inspirierirt durch die Farben der Bergseen und durch den sich spiegelden Himmel in ihnen.<br \/>\nDie Spannung die ich f\u00fchle, wenn ich den Ofen \u00f6ffne und das Ergebnis nach zwei Tagen Brennvorgang siehe, ist jedesmal hoch. Ich freue mich auf eine \u00dcberraschung. Das mag ich an den dem Spiel mit Glasuren und deshalb sind alle meine Objekte einzigartig, weil es das Risiko wert ist, das hi und da ein Experiment herrausragend ist und ein anderes eher zum wegwerfen geeignet.<\/p>\n<p>Meine Keramikobjekte mache ich ohne Drehscheibe und glasiere sie mit mehreren Glasuren. Das ist ein aufwendiges Verfahren. Die Objekte sind in \u00fcber 1000 Grad Celsius gebrannt worden, damit sind alle Poren des Materials verschlossen.<br \/>\nBitte beachten Sie: Es kann eine leichte Farbabweichung auf dem Foto geben.<\/p>\n<ul>\n<li>kann in der Sp\u00fclmaschine gereinigt werden<\/li>\n<\/ul>\n","protected":false},"excerpt":{"rendered":"<h6>Hergestellt aus Keramik<\/h6>\n<h6>Pflege: kann in der Sp\u00fclmaschine gereinigt werden<\/h6>\n<h6>Masse 25 cm \/ 15cm<\/h6>\n<h6>H\u00f6he: 1 cm<\/h6>\n<h6>Hinweis: Die Farben k\u00f6nnen aufgrund der speziellen Herstellungsweise leicht vom Bild abweichen.<\/h6>\n<h6>Ist Sp\u00fclmaschinengeeignet<\/h6>\n<h6>Ist f\u00fcr Mikrowellen geeignet<\/h6>\n","protected":false},"featured_media":1918,"template":"","meta":[],"product_brand":[],"product_cat":[29,38],"product_tag":[67,49,47,31,85,46,80,84,86,48,70,34],"class_list":{"0":"post-1916","1":"product","2":"type-product","3":"status-publish","4":"has-post-thumbnail","6":"product_cat-unkategorisiert","7":"product_cat-teller","8":"product_tag-blau","9":"product_tag-dessertteller","10":"product_tag-handgemacht","11":"product_tag-keramik","12":"product_tag-keramikteller","13":"product_tag-manufaktur","14":"product_tag-organisch","15":"product_tag-platte","16":"product_tag-schwarz","17":"product_tag-teller","18":"product_tag-weiss","19":"product_tag-zuerich","21":"first","22":"instock","23":"sold-individually","24":"purchasable","25":"product-type-simple"},"yoast_head":"<!-- This site is optimized with the Yoast SEO plugin v25.3 - https:\/\/yoast.com\/wordpress\/plugins\/seo\/ -->\n<title>Keramikteller, organische Form, blau - Unikat Z\u00fcrich<\/title>\n<meta name=\"description\" content=\"Keramikteller in organischer Form mit blauer und weisser Glasur aus dunklem Ton. Er ist gut als Tableware, oder zur Dekoration geeignet.\" \/>\n<meta name=\"robots\" content=\"index, follow, max-snippet:-1, max-image-preview:large, max-video-preview:-1\" \/>\n<link rel=\"canonical\" href=\"https:\/\/unikatzurich.ch\/?product=keramikteller-organische-form-blau-3\" \/>\n<meta property=\"og:locale\" content=\"de_DE\" \/>\n<meta property=\"og:type\" content=\"article\" \/>\n<meta property=\"og:title\" content=\"Keramikteller, organische Form, blau - Unikat Z\u00fcrich\" \/>\n<meta property=\"og:description\" content=\"Keramikteller in organischer Form mit blauer und weisser Glasur aus dunklem Ton. Er ist gut als Tableware, oder zur Dekoration geeignet.\" \/>\n<meta property=\"og:url\" content=\"https:\/\/unikatzurich.ch\/?product=keramikteller-organische-form-blau-3\" \/>\n<meta property=\"og:site_name\" content=\"Unikat Z\u00fcrich\" \/>\n<meta property=\"article:modified_time\" content=\"2022-03-08T23:59:31+00:00\" \/>\n<meta property=\"og:image\" content=\"https:\/\/unikatzurich.ch\/wp-content\/uploads\/2022\/03\/DSC1247.jpeg\" \/>\n\t<meta property=\"og:image:width\" content=\"700\" \/>\n\t<meta property=\"og:image:height\" content=\"700\" \/>\n\t<meta property=\"og:image:type\" content=\"image\/jpeg\" \/>\n<meta name=\"twitter:card\" content=\"summary_large_image\" \/>\n<meta name=\"twitter:label1\" content=\"Gesch\u00e4tzte Lesezeit\" \/>\n\t<meta name=\"twitter:data1\" content=\"1\u00a0Minute\" \/>\n<script type=\"application\/ld+json\" class=\"yoast-schema-graph\">{\"@context\":\"https:\/\/schema.org\",\"@graph\":[{\"@type\":\"WebPage\",\"@id\":\"https:\/\/unikatzurich.ch\/?product=keramikteller-organische-form-blau-3\",\"url\":\"https:\/\/unikatzurich.ch\/?product=keramikteller-organische-form-blau-3\",\"name\":\"Keramikteller, organische Form, blau - Unikat Z\u00fcrich\",\"isPartOf\":{\"@id\":\"https:\/\/unikatzurich.ch\/#website\"},\"primaryImageOfPage\":{\"@id\":\"https:\/\/unikatzurich.ch\/?product=keramikteller-organische-form-blau-3#primaryimage\"},\"image\":{\"@id\":\"https:\/\/unikatzurich.ch\/?product=keramikteller-organische-form-blau-3#primaryimage\"},\"thumbnailUrl\":\"https:\/\/unikatzurich.ch\/wp-content\/uploads\/2022\/03\/DSC1247.jpeg\",\"datePublished\":\"2022-03-08T23:57:36+00:00\",\"dateModified\":\"2022-03-08T23:59:31+00:00\",\"description\":\"Keramikteller in organischer Form mit blauer und weisser Glasur aus dunklem Ton. Er ist gut als Tableware, oder zur Dekoration geeignet.\",\"breadcrumb\":{\"@id\":\"https:\/\/unikatzurich.ch\/?product=keramikteller-organische-form-blau-3#breadcrumb\"},\"inLanguage\":\"de\",\"potentialAction\":[{\"@type\":\"ReadAction\",\"target\":[\"https:\/\/unikatzurich.ch\/?product=keramikteller-organische-form-blau-3\"]}]},{\"@type\":\"ImageObject\",\"inLanguage\":\"de\",\"@id\":\"https:\/\/unikatzurich.ch\/?product=keramikteller-organische-form-blau-3#primaryimage\",\"url\":\"https:\/\/unikatzurich.ch\/wp-content\/uploads\/2022\/03\/DSC1247.jpeg\",\"contentUrl\":\"https:\/\/unikatzurich.ch\/wp-content\/uploads\/2022\/03\/DSC1247.jpeg\",\"width\":700,\"height\":700,\"caption\":\"Keramik, Z\u00fcrich, Organisch, Unikat, Teller, Tasse, Becher, Pflanzen, Topf, Schale\"},{\"@type\":\"BreadcrumbList\",\"@id\":\"https:\/\/unikatzurich.ch\/?product=keramikteller-organische-form-blau-3#breadcrumb\",\"itemListElement\":[{\"@type\":\"ListItem\",\"position\":1,\"name\":\"Startseite\",\"item\":\"https:\/\/unikatzurich.ch\/\"},{\"@type\":\"ListItem\",\"position\":2,\"name\":\"SHOP\",\"item\":\"https:\/\/unikatzurich.ch\/?page_id=17\"},{\"@type\":\"ListItem\",\"position\":3,\"name\":\"Keramikteller, organische Form, blau\"}]},{\"@type\":\"WebSite\",\"@id\":\"https:\/\/unikatzurich.ch\/#website\",\"url\":\"https:\/\/unikatzurich.ch\/\",\"name\":\"Unikat Z\u00fcrich\",\"description\":\"Kunst und Design von schweizer Kunstschaffenden\",\"potentialAction\":[{\"@type\":\"SearchAction\",\"target\":{\"@type\":\"EntryPoint\",\"urlTemplate\":\"https:\/\/unikatzurich.ch\/?s={search_term_string}\"},\"query-input\":{\"@type\":\"PropertyValueSpecification\",\"valueRequired\":true,\"valueName\":\"search_term_string\"}}],\"inLanguage\":\"de\"}]}<\/script>\n<!-- \/ Yoast SEO plugin. -->","yoast_head_json":{"title":"Keramikteller, organische Form, blau - Unikat Z\u00fcrich","description":"Keramikteller in organischer Form mit blauer und weisser Glasur aus dunklem Ton. Er ist gut als Tableware, oder zur Dekoration geeignet.","robots":{"index":"index","follow":"follow","max-snippet":"max-snippet:-1","max-image-preview":"max-image-preview:large","max-video-preview":"max-video-preview:-1"},"canonical":"https:\/\/unikatzurich.ch\/?product=keramikteller-organische-form-blau-3","og_locale":"de_DE","og_type":"article","og_title":"Keramikteller, organische Form, blau - Unikat Z\u00fcrich","og_description":"Keramikteller in organischer Form mit blauer und weisser Glasur aus dunklem Ton. Er ist gut als Tableware, oder zur Dekoration geeignet.","og_url":"https:\/\/unikatzurich.ch\/?product=keramikteller-organische-form-blau-3","og_site_name":"Unikat Z\u00fcrich","article_modified_time":"2022-03-08T23:59:31+00:00","og_image":[{"width":700,"height":700,"url":"https:\/\/unikatzurich.ch\/wp-content\/uploads\/2022\/03\/DSC1247.jpeg","type":"image\/jpeg"}],"twitter_card":"summary_large_image","twitter_misc":{"Gesch\u00e4tzte Lesezeit":"1\u00a0Minute"},"schema":{"@context":"https:\/\/schema.org","@graph":[{"@type":"WebPage","@id":"https:\/\/unikatzurich.ch\/?product=keramikteller-organische-form-blau-3","url":"https:\/\/unikatzurich.ch\/?product=keramikteller-organische-form-blau-3","name":"Keramikteller, organische Form, blau - Unikat Z\u00fcrich","isPartOf":{"@id":"https:\/\/unikatzurich.ch\/#website"},"primaryImageOfPage":{"@id":"https:\/\/unikatzurich.ch\/?product=keramikteller-organische-form-blau-3#primaryimage"},"image":{"@id":"https:\/\/unikatzurich.ch\/?product=keramikteller-organische-form-blau-3#primaryimage"},"thumbnailUrl":"https:\/\/unikatzurich.ch\/wp-content\/uploads\/2022\/03\/DSC1247.jpeg","datePublished":"2022-03-08T23:57:36+00:00","dateModified":"2022-03-08T23:59:31+00:00","description":"Keramikteller in organischer Form mit blauer und weisser Glasur aus dunklem Ton. Er ist gut als Tableware, oder zur Dekoration geeignet.","breadcrumb":{"@id":"https:\/\/unikatzurich.ch\/?product=keramikteller-organische-form-blau-3#breadcrumb"},"inLanguage":"de","potentialAction":[{"@type":"ReadAction","target":["https:\/\/unikatzurich.ch\/?product=keramikteller-organische-form-blau-3"]}]},{"@type":"ImageObject","inLanguage":"de","@id":"https:\/\/unikatzurich.ch\/?product=keramikteller-organische-form-blau-3#primaryimage","url":"https:\/\/unikatzurich.ch\/wp-content\/uploads\/2022\/03\/DSC1247.jpeg","contentUrl":"https:\/\/unikatzurich.ch\/wp-content\/uploads\/2022\/03\/DSC1247.jpeg","width":700,"height":700,"caption":"Keramik, Z\u00fcrich, Organisch, Unikat, Teller, Tasse, Becher, Pflanzen, Topf, Schale"},{"@type":"BreadcrumbList","@id":"https:\/\/unikatzurich.ch\/?product=keramikteller-organische-form-blau-3#breadcrumb","itemListElement":[{"@type":"ListItem","position":1,"name":"Startseite","item":"https:\/\/unikatzurich.ch\/"},{"@type":"ListItem","position":2,"name":"SHOP","item":"https:\/\/unikatzurich.ch\/?page_id=17"},{"@type":"ListItem","position":3,"name":"Keramikteller, organische Form, blau"}]},{"@type":"WebSite","@id":"https:\/\/unikatzurich.ch\/#website","url":"https:\/\/unikatzurich.ch\/","name":"Unikat Z\u00fcrich","description":"Kunst und Design von schweizer Kunstschaffenden","potentialAction":[{"@type":"SearchAction","target":{"@type":"EntryPoint","urlTemplate":"https:\/\/unikatzurich.ch\/?s={search_term_string}"},"query-input":{"@type":"PropertyValueSpecification","valueRequired":true,"valueName":"search_term_string"}}],"inLanguage":"de"}]}},"jetpack_sharing_enabled":true,"_links":{"self":[{"href":"https:\/\/unikatzurich.ch\/index.php?rest_route=\/wp\/v2\/product\/1916","targetHints":{"allow":["GET"]}}],"collection":[{"href":"https:\/\/unikatzurich.ch\/index.php?rest_route=\/wp\/v2\/product"}],"about":[{"href":"https:\/\/unikatzurich.ch\/index.php?rest_route=\/wp\/v2\/types\/product"}],"version-history":[{"count":1,"href":"https:\/\/unikatzurich.ch\/index.php?rest_route=\/wp\/v2\/product\/1916\/revisions"}],"predecessor-version":[{"id":1920,"href":"https:\/\/unikatzurich.ch\/index.php?rest_route=\/wp\/v2\/product\/1916\/revisions\/1920"}],"wp:featuredmedia":[{"embeddable":true,"href":"https:\/\/unikatzurich.ch\/index.php?rest_route=\/wp\/v2\/media\/1918"}],"wp:attachment":[{"href":"https:\/\/unikatzurich.ch\/index.php?rest_route=%2Fwp%2Fv2%2Fmedia&parent=1916"}],"wp:term":[{"taxonomy":"product_brand","embeddable":true,"href":"https:\/\/unikatzurich.ch\/index.php?rest_route=%2Fwp%2Fv2%2Fproduct_brand&post=1916"},{"taxonomy":"product_cat","embeddable":true,"href":"https:\/\/unikatzurich.ch\/index.php?rest_route=%2Fwp%2Fv2%2Fproduct_cat&post=1916"},{"taxonomy":"product_tag","embeddable":true,"href":"https:\/\/unikatzurich.ch\/index.php?rest_route=%2Fwp%2Fv2%2Fproduct_tag&post=1916"}],"curies":[{"name":"wp","href":"https:\/\/api.w.org\/{rel}","templated":true}]}}