{"id":1343,"date":"2021-12-14T23:54:52","date_gmt":"2021-12-14T23:54:52","guid":{"rendered":"https:\/\/unikatzurich.ch\/?post_type=product&#038;p=1343"},"modified":"2021-12-18T22:14:52","modified_gmt":"2021-12-18T22:14:52","slug":"porzellanbecher-schmal-blau","status":"publish","type":"product","link":"https:\/\/unikatzurich.ch\/?product=porzellanbecher-schmal-blau","title":{"rendered":"Porzellanbecher schmal blau"},"content":{"rendered":"<p>Der Becher ist aus gegossenem Porzellan mit blauer Engobe. Dazu ist der Becher gl\u00e4nzend glasiert.<\/p>\n<p>Kapazit\u00e4t: 1.3 dl<br \/>\nAus gegossenem Porzellan<br \/>\nSp\u00fclmaschinenfest<br \/>\nLiegt angenehm in der Hand<\/p>\n<p>Meine Keramikobjekte mache ich ohne Drehscheibe und glasiere sie mit mehreren Glasuren. Das ist ein aufwendiges Verfahren, aber genau das macht jedes Objekt zu einem Einzelst\u00fcck. Die Objekte sind in \u00fcber 1000 Grad Celsius gebrannt worden, damit sind alle Poren des Materials verschlossen.<br \/>\nBitte beachten Sie: Es kann eine leichte Farbabweichung auf dem Foto geben.<\/p>\n","protected":false},"excerpt":{"rendered":"<p>Porzellanbecher f\u00fcr Espresso oder Kaffee.<\/p>\n<p>Tasse ohne Henkel aus gegossenem Porzellan mit blauer Engobe und gl\u00e4nzender Glasur.<\/p>\n","protected":false},"featured_media":1466,"template":"","meta":[],"product_brand":[],"product_cat":[29,40],"product_tag":[52,67,55,47,54,53,56],"class_list":{"0":"post-1343","1":"product","2":"type-product","3":"status-publish","4":"has-post-thumbnail","6":"product_cat-unkategorisiert","7":"product_cat-tassen","8":"product_tag-becher","9":"product_tag-blau","10":"product_tag-espresso","11":"product_tag-handgemacht","12":"product_tag-kaffee","13":"product_tag-tasse","14":"product_tag-tee","16":"first","17":"instock","18":"sold-individually","19":"purchasable","20":"product-type-simple"},"yoast_head":"<!-- This site is optimized with the Yoast SEO plugin v25.3 - https:\/\/yoast.com\/wordpress\/plugins\/seo\/ -->\n<title>Porzellanbecher schmal blau - Unikat Z\u00fcrich<\/title>\n<meta name=\"description\" content=\"1.3dl Porzellanbecher f\u00fcr Espresso oder kleinen Kaffee. Aus gegossenem Porzellan mit blauer Engobe und gl\u00e4nzender Glasur.\" \/>\n<meta name=\"robots\" content=\"index, follow, max-snippet:-1, max-image-preview:large, max-video-preview:-1\" \/>\n<link rel=\"canonical\" href=\"https:\/\/unikatzurich.ch\/?product=porzellanbecher-schmal-blau\" \/>\n<meta property=\"og:locale\" content=\"de_DE\" \/>\n<meta property=\"og:type\" content=\"article\" \/>\n<meta property=\"og:title\" content=\"Porzellanbecher schmal blau - Unikat Z\u00fcrich\" \/>\n<meta property=\"og:description\" content=\"1.3dl Porzellanbecher f\u00fcr Espresso oder kleinen Kaffee. Aus gegossenem Porzellan mit blauer Engobe und gl\u00e4nzender Glasur.\" \/>\n<meta property=\"og:url\" content=\"https:\/\/unikatzurich.ch\/?product=porzellanbecher-schmal-blau\" \/>\n<meta property=\"og:site_name\" content=\"Unikat Z\u00fcrich\" \/>\n<meta property=\"article:modified_time\" content=\"2021-12-18T22:14:52+00:00\" \/>\n<meta property=\"og:image\" content=\"https:\/\/unikatzurich.ch\/wp-content\/uploads\/2021\/12\/DSC0738-1.jpeg\" \/>\n\t<meta property=\"og:image:width\" content=\"528\" \/>\n\t<meta property=\"og:image:height\" content=\"528\" \/>\n\t<meta property=\"og:image:type\" content=\"image\/jpeg\" \/>\n<meta name=\"twitter:card\" content=\"summary_large_image\" \/>\n<meta name=\"twitter:label1\" content=\"Gesch\u00e4tzte Lesezeit\" \/>\n\t<meta name=\"twitter:data1\" content=\"1\u00a0Minute\" \/>\n<script type=\"application\/ld+json\" class=\"yoast-schema-graph\">{\"@context\":\"https:\/\/schema.org\",\"@graph\":[{\"@type\":\"WebPage\",\"@id\":\"https:\/\/unikatzurich.ch\/?product=porzellanbecher-schmal-blau\",\"url\":\"https:\/\/unikatzurich.ch\/?product=porzellanbecher-schmal-blau\",\"name\":\"Porzellanbecher schmal blau - Unikat Z\u00fcrich\",\"isPartOf\":{\"@id\":\"https:\/\/unikatzurich.ch\/#website\"},\"primaryImageOfPage\":{\"@id\":\"https:\/\/unikatzurich.ch\/?product=porzellanbecher-schmal-blau#primaryimage\"},\"image\":{\"@id\":\"https:\/\/unikatzurich.ch\/?product=porzellanbecher-schmal-blau#primaryimage\"},\"thumbnailUrl\":\"https:\/\/unikatzurich.ch\/wp-content\/uploads\/2021\/12\/DSC0738-1.jpeg\",\"datePublished\":\"2021-12-14T23:54:52+00:00\",\"dateModified\":\"2021-12-18T22:14:52+00:00\",\"description\":\"1.3dl Porzellanbecher f\u00fcr Espresso oder kleinen Kaffee. Aus gegossenem Porzellan mit blauer Engobe und gl\u00e4nzender Glasur.\",\"breadcrumb\":{\"@id\":\"https:\/\/unikatzurich.ch\/?product=porzellanbecher-schmal-blau#breadcrumb\"},\"inLanguage\":\"de\",\"potentialAction\":[{\"@type\":\"ReadAction\",\"target\":[\"https:\/\/unikatzurich.ch\/?product=porzellanbecher-schmal-blau\"]}]},{\"@type\":\"ImageObject\",\"inLanguage\":\"de\",\"@id\":\"https:\/\/unikatzurich.ch\/?product=porzellanbecher-schmal-blau#primaryimage\",\"url\":\"https:\/\/unikatzurich.ch\/wp-content\/uploads\/2021\/12\/DSC0738-1.jpeg\",\"contentUrl\":\"https:\/\/unikatzurich.ch\/wp-content\/uploads\/2021\/12\/DSC0738-1.jpeg\",\"width\":528,\"height\":528,\"caption\":\"Tasse Keramik, Z\u00fcrich, Hochgebrannte Keramik, unikate und organische Formen, jedes St\u00fcck einzigartig, glasiert, Gold\"},{\"@type\":\"BreadcrumbList\",\"@id\":\"https:\/\/unikatzurich.ch\/?product=porzellanbecher-schmal-blau#breadcrumb\",\"itemListElement\":[{\"@type\":\"ListItem\",\"position\":1,\"name\":\"Startseite\",\"item\":\"https:\/\/unikatzurich.ch\/\"},{\"@type\":\"ListItem\",\"position\":2,\"name\":\"SHOP\",\"item\":\"https:\/\/unikatzurich.ch\/?page_id=17\"},{\"@type\":\"ListItem\",\"position\":3,\"name\":\"Porzellanbecher schmal blau\"}]},{\"@type\":\"WebSite\",\"@id\":\"https:\/\/unikatzurich.ch\/#website\",\"url\":\"https:\/\/unikatzurich.ch\/\",\"name\":\"Unikat Z\u00fcrich\",\"description\":\"Kunst und Design von schweizer Kunstschaffenden\",\"potentialAction\":[{\"@type\":\"SearchAction\",\"target\":{\"@type\":\"EntryPoint\",\"urlTemplate\":\"https:\/\/unikatzurich.ch\/?s={search_term_string}\"},\"query-input\":{\"@type\":\"PropertyValueSpecification\",\"valueRequired\":true,\"valueName\":\"search_term_string\"}}],\"inLanguage\":\"de\"}]}<\/script>\n<!-- \/ Yoast SEO plugin. -->","yoast_head_json":{"title":"Porzellanbecher schmal blau - Unikat Z\u00fcrich","description":"1.3dl Porzellanbecher f\u00fcr Espresso oder kleinen Kaffee. Aus gegossenem Porzellan mit blauer Engobe und gl\u00e4nzender Glasur.","robots":{"index":"index","follow":"follow","max-snippet":"max-snippet:-1","max-image-preview":"max-image-preview:large","max-video-preview":"max-video-preview:-1"},"canonical":"https:\/\/unikatzurich.ch\/?product=porzellanbecher-schmal-blau","og_locale":"de_DE","og_type":"article","og_title":"Porzellanbecher schmal blau - Unikat Z\u00fcrich","og_description":"1.3dl Porzellanbecher f\u00fcr Espresso oder kleinen Kaffee. Aus gegossenem Porzellan mit blauer Engobe und gl\u00e4nzender Glasur.","og_url":"https:\/\/unikatzurich.ch\/?product=porzellanbecher-schmal-blau","og_site_name":"Unikat Z\u00fcrich","article_modified_time":"2021-12-18T22:14:52+00:00","og_image":[{"width":528,"height":528,"url":"https:\/\/unikatzurich.ch\/wp-content\/uploads\/2021\/12\/DSC0738-1.jpeg","type":"image\/jpeg"}],"twitter_card":"summary_large_image","twitter_misc":{"Gesch\u00e4tzte Lesezeit":"1\u00a0Minute"},"schema":{"@context":"https:\/\/schema.org","@graph":[{"@type":"WebPage","@id":"https:\/\/unikatzurich.ch\/?product=porzellanbecher-schmal-blau","url":"https:\/\/unikatzurich.ch\/?product=porzellanbecher-schmal-blau","name":"Porzellanbecher schmal blau - Unikat Z\u00fcrich","isPartOf":{"@id":"https:\/\/unikatzurich.ch\/#website"},"primaryImageOfPage":{"@id":"https:\/\/unikatzurich.ch\/?product=porzellanbecher-schmal-blau#primaryimage"},"image":{"@id":"https:\/\/unikatzurich.ch\/?product=porzellanbecher-schmal-blau#primaryimage"},"thumbnailUrl":"https:\/\/unikatzurich.ch\/wp-content\/uploads\/2021\/12\/DSC0738-1.jpeg","datePublished":"2021-12-14T23:54:52+00:00","dateModified":"2021-12-18T22:14:52+00:00","description":"1.3dl Porzellanbecher f\u00fcr Espresso oder kleinen Kaffee. Aus gegossenem Porzellan mit blauer Engobe und gl\u00e4nzender Glasur.","breadcrumb":{"@id":"https:\/\/unikatzurich.ch\/?product=porzellanbecher-schmal-blau#breadcrumb"},"inLanguage":"de","potentialAction":[{"@type":"ReadAction","target":["https:\/\/unikatzurich.ch\/?product=porzellanbecher-schmal-blau"]}]},{"@type":"ImageObject","inLanguage":"de","@id":"https:\/\/unikatzurich.ch\/?product=porzellanbecher-schmal-blau#primaryimage","url":"https:\/\/unikatzurich.ch\/wp-content\/uploads\/2021\/12\/DSC0738-1.jpeg","contentUrl":"https:\/\/unikatzurich.ch\/wp-content\/uploads\/2021\/12\/DSC0738-1.jpeg","width":528,"height":528,"caption":"Tasse Keramik, Z\u00fcrich, Hochgebrannte Keramik, unikate und organische Formen, jedes St\u00fcck einzigartig, glasiert, Gold"},{"@type":"BreadcrumbList","@id":"https:\/\/unikatzurich.ch\/?product=porzellanbecher-schmal-blau#breadcrumb","itemListElement":[{"@type":"ListItem","position":1,"name":"Startseite","item":"https:\/\/unikatzurich.ch\/"},{"@type":"ListItem","position":2,"name":"SHOP","item":"https:\/\/unikatzurich.ch\/?page_id=17"},{"@type":"ListItem","position":3,"name":"Porzellanbecher schmal blau"}]},{"@type":"WebSite","@id":"https:\/\/unikatzurich.ch\/#website","url":"https:\/\/unikatzurich.ch\/","name":"Unikat Z\u00fcrich","description":"Kunst und Design von schweizer Kunstschaffenden","potentialAction":[{"@type":"SearchAction","target":{"@type":"EntryPoint","urlTemplate":"https:\/\/unikatzurich.ch\/?s={search_term_string}"},"query-input":{"@type":"PropertyValueSpecification","valueRequired":true,"valueName":"search_term_string"}}],"inLanguage":"de"}]}},"jetpack_sharing_enabled":true,"_links":{"self":[{"href":"https:\/\/unikatzurich.ch\/index.php?rest_route=\/wp\/v2\/product\/1343","targetHints":{"allow":["GET"]}}],"collection":[{"href":"https:\/\/unikatzurich.ch\/index.php?rest_route=\/wp\/v2\/product"}],"about":[{"href":"https:\/\/unikatzurich.ch\/index.php?rest_route=\/wp\/v2\/types\/product"}],"version-history":[{"count":1,"href":"https:\/\/unikatzurich.ch\/index.php?rest_route=\/wp\/v2\/product\/1343\/revisions"}],"predecessor-version":[{"id":1346,"href":"https:\/\/unikatzurich.ch\/index.php?rest_route=\/wp\/v2\/product\/1343\/revisions\/1346"}],"wp:featuredmedia":[{"embeddable":true,"href":"https:\/\/unikatzurich.ch\/index.php?rest_route=\/wp\/v2\/media\/1466"}],"wp:attachment":[{"href":"https:\/\/unikatzurich.ch\/index.php?rest_route=%2Fwp%2Fv2%2Fmedia&parent=1343"}],"wp:term":[{"taxonomy":"product_brand","embeddable":true,"href":"https:\/\/unikatzurich.ch\/index.php?rest_route=%2Fwp%2Fv2%2Fproduct_brand&post=1343"},{"taxonomy":"product_cat","embeddable":true,"href":"https:\/\/unikatzurich.ch\/index.php?rest_route=%2Fwp%2Fv2%2Fproduct_cat&post=1343"},{"taxonomy":"product_tag","embeddable":true,"href":"https:\/\/unikatzurich.ch\/index.php?rest_route=%2Fwp%2Fv2%2Fproduct_tag&post=1343"}],"curies":[{"name":"wp","href":"https:\/\/api.w.org\/{rel}","templated":true}]}}